{"id":4498,"date":"2024-09-04T14:59:08","date_gmt":"2024-09-04T12:59:08","guid":{"rendered":"https:\/\/dr-donovalova.de\/neustadtpraxis\/?page_id=4498"},"modified":"2026-03-26T18:43:46","modified_gmt":"2026-03-26T17:43:46","slug":"weiterbildungspraxis","status":"publish","type":"page","link":"https:\/\/dr-donovalova.de\/neustadtpraxis\/weiterbildungspraxis\/","title":{"rendered":"Weiterbildungspraxis"},"content":{"rendered":"\t\t<div data-elementor-type=\"wp-page\" data-elementor-id=\"4498\" class=\"elementor elementor-4498\" data-elementor-post-type=\"page\">\n\t\t\t\t\t\t<section class=\"elementor-section elementor-top-section elementor-element elementor-element-8f18c18 elementor-section-boxed elementor-section-height-default elementor-section-height-default\" data-id=\"8f18c18\" data-element_type=\"section\">\n\t\t\t\t\t\t<div class=\"elementor-container elementor-column-gap-default\">\n\t\t\t\t\t<div class=\"elementor-column elementor-col-100 elementor-top-column elementor-element elementor-element-51fcf1e\" data-id=\"51fcf1e\" data-element_type=\"column\">\n\t\t\t<div class=\"elementor-widget-wrap elementor-element-populated\">\n\t\t\t\t\t\t<div class=\"elementor-element elementor-element-f2d81bb elementor-invisible elementor-widget elementor-widget-heading\" data-id=\"f2d81bb\" data-element_type=\"widget\" data-settings=\"{&quot;_animation&quot;:&quot;fadeIn&quot;}\" data-widget_type=\"heading.default\">\n\t\t\t\t<div class=\"elementor-widget-container\">\n\t\t\t\t\t<h2 class=\"elementor-heading-title elementor-size-small\">Wir sind Weiterbildungspraxis<\/h2>\t\t\t\t<\/div>\n\t\t\t\t<\/div>\n\t\t\t\t<div class=\"elementor-element elementor-element-83f485e elementor-widget elementor-widget-image\" data-id=\"83f485e\" data-element_type=\"widget\" data-widget_type=\"image.default\">\n\t\t\t\t<div class=\"elementor-widget-container\">\n\t\t\t\t\t\t\t\t\t\t\t\t\t\t\t<img fetchpriority=\"high\" decoding=\"async\" width=\"2560\" height=\"1530\" src=\"https:\/\/dr-donovalova.de\/neustadtpraxis\/wp-content\/uploads\/sites\/3\/2024\/09\/Viera-Donovalover-scaled.jpg\" class=\"attachment-full size-full wp-image-4501\" alt=\"\" srcset=\"https:\/\/dr-donovalova.de\/neustadtpraxis\/wp-content\/uploads\/sites\/3\/2024\/09\/Viera-Donovalover-scaled.jpg 2560w, https:\/\/dr-donovalova.de\/neustadtpraxis\/wp-content\/uploads\/sites\/3\/2024\/09\/Viera-Donovalover-300x179.jpg 300w, https:\/\/dr-donovalova.de\/neustadtpraxis\/wp-content\/uploads\/sites\/3\/2024\/09\/Viera-Donovalover-1024x612.jpg 1024w, https:\/\/dr-donovalova.de\/neustadtpraxis\/wp-content\/uploads\/sites\/3\/2024\/09\/Viera-Donovalover-768x459.jpg 768w, https:\/\/dr-donovalova.de\/neustadtpraxis\/wp-content\/uploads\/sites\/3\/2024\/09\/Viera-Donovalover-1536x918.jpg 1536w, https:\/\/dr-donovalova.de\/neustadtpraxis\/wp-content\/uploads\/sites\/3\/2024\/09\/Viera-Donovalover-2048x1224.jpg 2048w\" sizes=\"(max-width: 2560px) 100vw, 2560px\" \/>\t\t\t\t\t\t\t\t\t\t\t\t\t\t\t<\/div>\n\t\t\t\t<\/div>\n\t\t\t\t\t<\/div>\n\t\t<\/div>\n\t\t\t\t\t<\/div>\n\t\t<\/section>\n\t\t\t\t<section class=\"elementor-section elementor-top-section elementor-element elementor-element-3961c6b elementor-section-boxed elementor-section-height-default elementor-section-height-default\" data-id=\"3961c6b\" data-element_type=\"section\">\n\t\t\t\t\t\t<div class=\"elementor-container elementor-column-gap-default\">\n\t\t\t\t\t<div class=\"elementor-column elementor-col-50 elementor-top-column elementor-element elementor-element-a33f23e\" data-id=\"a33f23e\" data-element_type=\"column\">\n\t\t\t<div class=\"elementor-widget-wrap elementor-element-populated\">\n\t\t\t\t\t\t<div class=\"elementor-element elementor-element-7690bb7 elementor-widget elementor-widget-text-editor\" data-id=\"7690bb7\" data-element_type=\"widget\" data-widget_type=\"text-editor.default\">\n\t\t\t\t<div class=\"elementor-widget-container\">\n\t\t\t\t\t\t\t\t\t<p class=\"p1\">Sollten Sie auf der Suche nach einer Weiterbildungsm\u00f6glichkeit f\u00fcr die Facharztausbildung in Allgemeinmedizin sein, so bietet sich bei uns eine attraktive M\u00f6glichkeit, Ihre ambulante Weiterbildung bei uns in der Praxis zu absolvieren. Nach der aktuellen Weiterbildungsordnung (WBO 2021) haben Sie die M\u00f6glichkeit, sich \u00fcber die Gesamtdauer von 24 Monaten bei uns auszubilden.<\/p><p class=\"p1\">Seit 2024 ist unsere Praxis Mitglied des Weiterbildungsverbundes f\u00fcr Haus\u00e4rzte des Landkreises Bautzen, welcher ausdr\u00fccklich in diesem Jahr gegr\u00fcndet wurde, um s\u00e4mtliche Angebote in unserer Region f\u00fcr \u00c4rzte in Weiterbildung f\u00fcr Allgemeinmedizin zu b\u00fcndeln.<\/p><p class=\"p1\"><strong>Was k\u00f6nnen wir Ihnen bieten?<\/strong><\/p><p class=\"p1\">Moderne R\u00e4umlichkeiten, Parkm\u00f6glichkeiten f\u00fcr Pkw und Fahrrad, attraktive Zentrumslage in der Stadt Hoyerswerda, familienfreundliche Arbeitszeiten.<\/p><p class=\"p1\">Vielf\u00e4ltige Naherholungsm\u00f6glichkeiten in Lausitzer Seenland, verbunden mit preiswertem Wohnraum, guten Kinderbetreuungsm\u00f6glichkeiten und Schulen.<\/p><p class=\"p1\">Bis auf die Lungenfunktionsdiagnostik bieten wir alle g\u00e4ngigen Diagnostiken an, was auch detailliert aus unserer Praxiswebseite ersichtlich ist.<\/p><p class=\"p1\">Das Profil unserer Praxis ist auf die Ultraschalldiagnostik ausgerichtet. Wir bieten Abdomensonografie und Ultraschall der Schilddr\u00fcse an und verf\u00fcgen \u00fcber zwei High-Tech-Ger\u00e4te einschlie\u00dflich Kontrastmittelsonografie, die ambulant \u00e4u\u00dferst selten angeboten wird. Deswegen sind wir f\u00fcr viele fremde Patienten Anlaufstelle, um eine ambulante Ultraschalldiagnostik zu erhalten. Aufgrund unserer technischen Ausstattung w\u00fcrden Sie als Arzt in Weiterbildung jederzeit die M\u00f6glichkeit haben, auf diese Diagnostik zuzugreifen und alle damit verbundenen Zusatzqualifikationen zu absolvieren, ohne dass Ihnen daraus Kosten entstehen.<\/p><p class=\"p1\">Freistellungen zur Wahrnehmung von Weiterbildungsangeboten, wie in der Facharztausbildung \u00fcblich, erhalten Sie problemlos und werden durch mich ausdr\u00fccklich unterst\u00fctzt.<\/p><p class=\"p1\">In unserem Haus befinden sich insgesamt 3 Arztpraxen, wovon ein Kollege ebenfalls junge \u00c4rzte weiterbildet, so dass wir alle miteinander viel vom fachlichen wie auch menschlichen Austausch profitieren.<\/p><p class=\"p1\">Sind Sie interessiert? Dann wenden Sie sich gern an mich pers\u00f6nlich telefonisch oder per Email. An dieser Stelle verweise ich auf ein Interview, das die angehende Fach\u00e4rztin f\u00fcr Allgemeinmedizin Frau Dr. Barthold, welche kurz vor dem Abschluss ihrer Facharztausbildung steht, in welchem sie \u00fcber ihre Zeit in meiner Praxis spricht. ( April\/2025)<\/p><p class=\"p1\">\u00a0<\/p><p class=\"p1\">\u00a0<\/p><p class=\"p1\">\u00a0<\/p><p class=\"p1\">\u00a0<\/p><p class=\"p1\">\u00a0<\/p><p class=\"p1\">\u00a0<\/p><p class=\"p2\"><span class=\"s2\">\u00a0<a href=\"https:\/\/www.landkreis-bautzen.de\/hausaerzte-fuer-den-landkreis-bautzen-39122.php\">Weiterbildungsverbund f\u00fcr Haus\u00e4rzte &#8211; Landkreis Bautzen\u00a0<\/a><\/span><span style=\"color: var( --e-global-color-text ); font-family: var( --e-global-typography-text-font-family ), Sans-serif; font-weight: var( --e-global-typography-text-font-weight ); background-color: #f2e7df; font-size: 1rem;\">\u00a0<\/span><a style=\"font-family: var( --e-global-typography-text-font-family ), Sans-serif; font-weight: var( --e-global-typography-text-font-weight ); background-color: #f2e7df; font-size: 1rem;\" href=\"https:\/\/www.landkreis-bautzen.de\/hausaerzte-fuer-den-landkreis-bautzen-39122.php\">(landkreis-bautzen.de)<\/a><\/p>\t\t\t\t\t\t\t\t<\/div>\n\t\t\t\t<\/div>\n\t\t\t\t\t<\/div>\n\t\t<\/div>\n\t\t\t\t<div class=\"elementor-column elementor-col-50 elementor-top-column elementor-element elementor-element-a2811aa\" data-id=\"a2811aa\" data-element_type=\"column\">\n\t\t\t<div class=\"elementor-widget-wrap elementor-element-populated\">\n\t\t\t\t\t\t<div class=\"elementor-element elementor-element-3a7c1f7 elementor-widget elementor-widget-text-editor\" data-id=\"3a7c1f7\" data-element_type=\"widget\" data-widget_type=\"text-editor.default\">\n\t\t\t\t<div class=\"elementor-widget-container\">\n\t\t\t\t\t\t\t\t\t<ol><li><strong>Frau Dr. Barthold, wie kam es dazu, dass es Sie nach Hoyerswerda verschlug?<br \/><\/strong>Dies war tats\u00e4chlich eher ein Zufall. Der Liebe wegen kam ich \u00fcberhaupt in die Niederlausitz. Im Rahmen des PJ\u2019s war ich auf der Suche nach einer vielf\u00e4ltigen Klinik und fand diese schlie\u00dflich in Hoyerswerda. Dadurch habe ich auch die ambulanten Strukturen der Stadt kennengelernt und auch das Potential f\u00fcr meine ambulante Zukunft entdeckt.<br \/><br \/><\/li><li><strong>Welche Vorstellungen hatten Sie, als Sie Ihre Weiterbildung zur Fach\u00e4rztin begannen, und was davon war f\u00fcr Sie in Hoyerswerda realisierbar?<br \/><\/strong>F\u00fcr den klinischen Abschnitt wollte ich auf so vielen internistischen Stationen t\u00e4tig sein wie irgend m\u00f6glich. Dies lie\u00df sich im Lausitzer Seenlandklinikum umsetzen. Zudem konnte ich hier auch im geriatrischen Bereich arbeiten, was mir, in Hinblick auf die haus\u00e4rztliche T\u00e4tigkeit, als sehr wichtig erscheint-F\u00fcr die ambulante Weiterbildung war ich auf der Suche nach einer breit aufgestellten Hausarztpraxis, welche, wenn m\u00f6glich, auch eine Spezialisierung anbietet. Diese fand ich in der Praxis von Frau Donovalova mit den Foci Diabetes mellitus und Sonographie.<br \/><p class=\"p2\">Nach 33 Monaten in der station\u00e4ren Weiterbildung habe ich in der Praxis angefangen und werde die restlichen 27 Monate bis zur Facharztpr\u00fcfung hier verbringen.<\/p><\/li><li><strong><strong>Wann haben Sie in der Praxis von Frau Dr. Donovalova begonnen und wie lange beabsichtigten Sie, in dieser Praxis zu bleiben?<br \/><\/strong><\/strong>Nach 33 Monaten in der station\u00e4ren Weiterbildung habe ich in der Praxis angefangen und werde die restlichen 27 Monate bis zur Facharztpr\u00fcfung hier verbringen.<br \/><br \/><\/li><li><p class=\"p1\"><strong>Was waren Ihrer Meinung nach die wichtigsten Dinge, die Sie in Ihrer Praxiszeit bei Frau Dr. Donovalova gelernt haben?<br \/><\/strong>Hier denke ich vor allem an die Organisation einer Praxis bzw. Sprechstunde, Sonographie der Schilddr\u00fcse und des Abdomen sowie der sichere Umgang mit \u201eklassischen\u201c haus\u00e4rztlichen Krankheitsbildern.<br \/><br \/><\/p><\/li><li class=\"li1\"><strong><strong>Was aus dem Praxisalltag ist f\u00fcr Sie in bleibender Erinnerung geblieben?<br \/><\/strong><\/strong>Die t\u00e4gliche M\u00f6glichkeit zur Sonographie und die t\u00e4glichen Nachgespr\u00e4che der von mir behandelten Patienten. Des Weiteren hatte Frau Donovalova stets ein Ohr \u00fcber neue Leitlinien oder spezielle Krankheitsbilder zu sprechen oder auch intensiv zu diskutieren.<br \/><br \/><\/li><li class=\"li1\"><strong><strong>Inwiefern f\u00fchlen Sie sich nach Absolvieren der Weiterbildungszeit in der Lage, selbst eine solche haus\u00e4rztliche Praxis zu f\u00fchren?<br \/><\/strong><\/strong>Die gro\u00dfe Angst ist definitiv verflogen. Eine gute Portion Respekt ist noch geblieben.<br \/><br \/><\/li><li class=\"li1\"><strong><strong>Warum w\u00fcrden Sie die Praxis von Frau Dr. Donovalova f\u00fcr eine solche fach\u00e4rztliche Weiterbildung empfehlen?<br \/><\/strong><\/strong>Frau Donovalova bietet nicht nur eine sehr pers\u00f6nliche Weiterbildung der haus\u00e4rztlichen Krankheitsbilder an, sonst gibt auch Ihre Expertise der Sonographie weiter. Von beiden kann jeder Assistenzarzt enorm profitieren.<\/li><\/ol>\t\t\t\t\t\t\t\t<\/div>\n\t\t\t\t<\/div>\n\t\t\t\t\t<\/div>\n\t\t<\/div>\n\t\t\t\t\t<\/div>\n\t\t<\/section>\n\t\t\t\t<section class=\"elementor-section elementor-top-section elementor-element elementor-element-1d871236 elementor-section-height-min-height elementor-section-boxed elementor-section-height-default elementor-section-items-middle\" data-id=\"1d871236\" data-element_type=\"section\" data-settings=\"{&quot;background_background&quot;:&quot;classic&quot;}\">\n\t\t\t\t\t\t\t<div class=\"elementor-background-overlay\"><\/div>\n\t\t\t\t\t\t\t<div class=\"elementor-container elementor-column-gap-default\">\n\t\t\t\t\t<div class=\"elementor-column elementor-col-100 elementor-top-column elementor-element elementor-element-34ac0a46\" data-id=\"34ac0a46\" data-element_type=\"column\">\n\t\t\t<div class=\"elementor-widget-wrap elementor-element-populated\">\n\t\t\t\t\t\t<div class=\"elementor-element elementor-element-708a89b5 elementor-widget elementor-widget-heading\" data-id=\"708a89b5\" data-element_type=\"widget\" data-widget_type=\"heading.default\">\n\t\t\t\t<div class=\"elementor-widget-container\">\n\t\t\t\t\t<h2 class=\"elementor-heading-title elementor-size-default\">GEMEINSAM F\u00dcR  IHRE GESUNDHEIT<\/h2>\t\t\t\t<\/div>\n\t\t\t\t<\/div>\n\t\t\t\t<div class=\"elementor-element elementor-element-11f574f1 elementor-widget elementor-widget-text-editor\" data-id=\"11f574f1\" data-element_type=\"widget\" data-widget_type=\"text-editor.default\">\n\t\t\t\t<div class=\"elementor-widget-container\">\n\t\t\t\t\t\t\t\t\t<p>Praxis MUDr. Viera Donovalova<\/p>\t\t\t\t\t\t\t\t<\/div>\n\t\t\t\t<\/div>\n\t\t\t\t<div class=\"elementor-element elementor-element-20d7b462 elementor-align-center elementor-widget elementor-widget-button\" data-id=\"20d7b462\" data-element_type=\"widget\" data-widget_type=\"button.default\">\n\t\t\t\t<div class=\"elementor-widget-container\">\n\t\t\t\t\t\t\t\t\t<div class=\"elementor-button-wrapper\">\n\t\t\t\t\t<a class=\"elementor-button elementor-button-link elementor-size-md\" href=\"https:\/\/designarbeit.com\/neustadtpraxis\">\n\t\t\t\t\t\t<span class=\"elementor-button-content-wrapper\">\n\t\t\t\t\t\t\t\t\t<span class=\"elementor-button-text\">Kontakt<\/span>\n\t\t\t\t\t<\/span>\n\t\t\t\t\t<\/a>\n\t\t\t\t<\/div>\n\t\t\t\t\t\t\t\t<\/div>\n\t\t\t\t<\/div>\n\t\t\t\t\t<\/div>\n\t\t<\/div>\n\t\t\t\t\t<\/div>\n\t\t<\/section>\n\t\t\t\t<section class=\"elementor-section elementor-top-section elementor-element elementor-element-240ab7ff elementor-section-content-middle elementor-section-boxed elementor-section-height-default elementor-section-height-default\" data-id=\"240ab7ff\" data-element_type=\"section\" data-settings=\"{&quot;background_background&quot;:&quot;classic&quot;}\">\n\t\t\t\t\t\t<div class=\"elementor-container elementor-column-gap-no\">\n\t\t\t\t\t<div class=\"elementor-column elementor-col-100 elementor-top-column elementor-element elementor-element-3ccb459a\" data-id=\"3ccb459a\" data-element_type=\"column\">\n\t\t\t<div class=\"elementor-widget-wrap elementor-element-populated\">\n\t\t\t\t\t\t<div class=\"elementor-element elementor-element-31499b26 elementor-widget elementor-widget-heading\" data-id=\"31499b26\" data-element_type=\"widget\" data-widget_type=\"heading.default\">\n\t\t\t\t<div class=\"elementor-widget-container\">\n\t\t\t\t\t<h2 class=\"elementor-heading-title elementor-size-default\">Kontakt<\/h2>\t\t\t\t<\/div>\n\t\t\t\t<\/div>\n\t\t\t\t<section class=\"elementor-section elementor-inner-section elementor-element elementor-element-47a41377 elementor-section-content-middle elementor-section-boxed elementor-section-height-default elementor-section-height-default\" data-id=\"47a41377\" data-element_type=\"section\">\n\t\t\t\t\t\t<div class=\"elementor-container elementor-column-gap-no\">\n\t\t\t\t\t<div class=\"elementor-column elementor-col-50 elementor-inner-column elementor-element elementor-element-697fec4f\" data-id=\"697fec4f\" data-element_type=\"column\" data-settings=\"{&quot;background_background&quot;:&quot;classic&quot;}\">\n\t\t\t<div class=\"elementor-widget-wrap elementor-element-populated\">\n\t\t\t\t\t\t<div class=\"elementor-element elementor-element-60fbabcc elementor-widget elementor-widget-heading\" data-id=\"60fbabcc\" data-element_type=\"widget\" data-widget_type=\"heading.default\">\n\t\t\t\t<div class=\"elementor-widget-container\">\n\t\t\t\t\t<h6 class=\"elementor-heading-title elementor-size-default\"><b>Telefon: 03571406449<\/b><br><b>Telefax: 03571406410\n<\/b><br><\/h6>\t\t\t\t<\/div>\n\t\t\t\t<\/div>\n\t\t\t\t<div class=\"elementor-element elementor-element-5a1af1cb elementor-widget elementor-widget-heading\" data-id=\"5a1af1cb\" data-element_type=\"widget\" data-widget_type=\"heading.default\">\n\t\t\t\t<div class=\"elementor-widget-container\">\n\t\t\t\t\t<h6 class=\"elementor-heading-title elementor-size-default\">Email: info@dr-donovalova.de\u200b<\/h6>\t\t\t\t<\/div>\n\t\t\t\t<\/div>\n\t\t\t\t<div class=\"elementor-element elementor-element-4968913e elementor-widget elementor-widget-heading\" data-id=\"4968913e\" data-element_type=\"widget\" data-widget_type=\"heading.default\">\n\t\t\t\t<div class=\"elementor-widget-container\">\n\t\t\t\t\t<h6 class=\"elementor-heading-title elementor-size-default\">Frederic-Joliot-Curie-Stra\u00dfe 39<br>\n02977 Hoyerswerda\u200b<\/h6>\t\t\t\t<\/div>\n\t\t\t\t<\/div>\n\t\t\t\t<div class=\"elementor-element elementor-element-4b5ed780 elementor-widget elementor-widget-heading\" data-id=\"4b5ed780\" data-element_type=\"widget\" data-widget_type=\"heading.default\">\n\t\t\t\t<div class=\"elementor-widget-container\">\n\t\t\t\t\t<h6 class=\"elementor-heading-title elementor-size-default\">Montag 7.30 \u2013 12.00  und  14.00 \u2013 18.00<br>\nDienstag 7.30 \u2013 12.00<br>\nMittwoch 8.00 \u2013 12.00<br>\nDonnerstag 8.00 \u2013 12.00<br>\nFreitag 8.00 \u2013 12.00<br>\nund nach Vereinbarung<br><\/h6>\t\t\t\t<\/div>\n\t\t\t\t<\/div>\n\t\t\t\t<div class=\"elementor-element elementor-element-13c62a51 e-grid-align-left elementor-shape-rounded elementor-grid-0 elementor-widget elementor-widget-social-icons\" data-id=\"13c62a51\" data-element_type=\"widget\" data-widget_type=\"social-icons.default\">\n\t\t\t\t<div class=\"elementor-widget-container\">\n\t\t\t\t\t\t\t<div class=\"elementor-social-icons-wrapper elementor-grid\" role=\"list\">\n\t\t\t\t\t\t\t<span class=\"elementor-grid-item\" role=\"listitem\">\n\t\t\t\t\t<a class=\"elementor-icon elementor-social-icon elementor-social-icon-facebook-f elementor-animation-grow elementor-repeater-item-2d0da0c\" target=\"_blank\">\n\t\t\t\t\t\t<span class=\"elementor-screen-only\">Facebook-f<\/span>\n\t\t\t\t\t\t<i aria-hidden=\"true\" class=\"fab fa-facebook-f\"><\/i>\t\t\t\t\t<\/a>\n\t\t\t\t<\/span>\n\t\t\t\t\t\t\t<span class=\"elementor-grid-item\" role=\"listitem\">\n\t\t\t\t\t<a class=\"elementor-icon elementor-social-icon elementor-social-icon-twitter elementor-animation-grow elementor-repeater-item-914746e\" target=\"_blank\">\n\t\t\t\t\t\t<span class=\"elementor-screen-only\">Twitter<\/span>\n\t\t\t\t\t\t<i aria-hidden=\"true\" class=\"fab fa-twitter\"><\/i>\t\t\t\t\t<\/a>\n\t\t\t\t<\/span>\n\t\t\t\t\t\t\t<span class=\"elementor-grid-item\" role=\"listitem\">\n\t\t\t\t\t<a class=\"elementor-icon elementor-social-icon elementor-social-icon-google-plus-g elementor-animation-grow elementor-repeater-item-8a28a95\" target=\"_blank\">\n\t\t\t\t\t\t<span class=\"elementor-screen-only\">Google-plus-g<\/span>\n\t\t\t\t\t\t<i aria-hidden=\"true\" class=\"fab fa-google-plus-g\"><\/i>\t\t\t\t\t<\/a>\n\t\t\t\t<\/span>\n\t\t\t\t\t<\/div>\n\t\t\t\t\t\t<\/div>\n\t\t\t\t<\/div>\n\t\t\t\t\t<\/div>\n\t\t<\/div>\n\t\t\t\t<div class=\"elementor-column elementor-col-50 elementor-inner-column elementor-element elementor-element-27c89394\" data-id=\"27c89394\" data-element_type=\"column\" data-settings=\"{&quot;background_background&quot;:&quot;classic&quot;}\">\n\t\t\t<div class=\"elementor-widget-wrap\">\n\t\t\t\t\t\t\t<\/div>\n\t\t<\/div>\n\t\t\t\t\t<\/div>\n\t\t<\/section>\n\t\t\t\t\t<\/div>\n\t\t<\/div>\n\t\t\t\t\t<\/div>\n\t\t<\/section>\n\t\t\t\t<\/div>\n\t\t","protected":false},"excerpt":{"rendered":"<p>Wir sind Weiterbildungspraxis Sollten Sie auf der Suche nach einer Weiterbildungsm\u00f6glichkeit f\u00fcr die Facharztausbildung in Allgemeinmedizin sein, so bietet sich bei uns eine attraktive M\u00f6glichkeit, Ihre ambulante Weiterbildung bei uns in der Praxis zu absolvieren. Nach der aktuellen Weiterbildungsordnung (WBO 2021) haben Sie die M\u00f6glichkeit, sich \u00fcber die Gesamtdauer von 24 Monaten bei uns auszubilden. [&hellip;]<\/p>\n","protected":false},"author":1,"featured_media":0,"parent":0,"menu_order":0,"comment_status":"closed","ping_status":"closed","template":"elementor_header_footer","meta":{"footnotes":""},"class_list":["post-4498","page","type-page","status-publish","hentry"],"_links":{"self":[{"href":"https:\/\/dr-donovalova.de\/neustadtpraxis\/wp-json\/wp\/v2\/pages\/4498","targetHints":{"allow":["GET"]}}],"collection":[{"href":"https:\/\/dr-donovalova.de\/neustadtpraxis\/wp-json\/wp\/v2\/pages"}],"about":[{"href":"https:\/\/dr-donovalova.de\/neustadtpraxis\/wp-json\/wp\/v2\/types\/page"}],"author":[{"embeddable":true,"href":"https:\/\/dr-donovalova.de\/neustadtpraxis\/wp-json\/wp\/v2\/users\/1"}],"replies":[{"embeddable":true,"href":"https:\/\/dr-donovalova.de\/neustadtpraxis\/wp-json\/wp\/v2\/comments?post=4498"}],"version-history":[{"count":58,"href":"https:\/\/dr-donovalova.de\/neustadtpraxis\/wp-json\/wp\/v2\/pages\/4498\/revisions"}],"predecessor-version":[{"id":4949,"href":"https:\/\/dr-donovalova.de\/neustadtpraxis\/wp-json\/wp\/v2\/pages\/4498\/revisions\/4949"}],"wp:attachment":[{"href":"https:\/\/dr-donovalova.de\/neustadtpraxis\/wp-json\/wp\/v2\/media?parent=4498"}],"curies":[{"name":"wp","href":"https:\/\/api.w.org\/{rel}","templated":true}]}}