{"id":4200,"date":"2023-03-31T19:10:17","date_gmt":"2023-03-31T17:10:17","guid":{"rendered":"https:\/\/dr-donovalova.de\/neustadtpraxis\/?page_id=4200"},"modified":"2023-04-02T21:57:56","modified_gmt":"2023-04-02T19:57:56","slug":"kinderecho","status":"publish","type":"page","link":"https:\/\/dr-donovalova.de\/neustadtpraxis\/kinderecho\/","title":{"rendered":"Kinder ECHO"},"content":{"rendered":"\t\t<div data-elementor-type=\"wp-page\" data-elementor-id=\"4200\" class=\"elementor elementor-4200\" data-elementor-post-type=\"page\">\n\t\t\t\t\t\t<section class=\"elementor-section elementor-top-section elementor-element elementor-element-b7a7308 elementor-section-boxed elementor-section-height-default elementor-section-height-default\" data-id=\"b7a7308\" data-element_type=\"section\">\n\t\t\t\t\t\t<div class=\"elementor-container elementor-column-gap-default\">\n\t\t\t\t\t<div class=\"elementor-column elementor-col-50 elementor-top-column elementor-element elementor-element-79dd04b\" data-id=\"79dd04b\" data-element_type=\"column\">\n\t\t\t<div class=\"elementor-widget-wrap elementor-element-populated\">\n\t\t\t\t\t\t<div class=\"elementor-element elementor-element-5408851 elementor-widget elementor-widget-spacer\" data-id=\"5408851\" data-element_type=\"widget\" data-widget_type=\"spacer.default\">\n\t\t\t\t<div class=\"elementor-widget-container\">\n\t\t\t\t\t\t\t<div class=\"elementor-spacer\">\n\t\t\t<div class=\"elementor-spacer-inner\"><\/div>\n\t\t<\/div>\n\t\t\t\t\t\t<\/div>\n\t\t\t\t<\/div>\n\t\t\t\t<div class=\"elementor-element elementor-element-125caf8 elementor-widget elementor-widget-heading\" data-id=\"125caf8\" data-element_type=\"widget\" data-widget_type=\"heading.default\">\n\t\t\t\t<div class=\"elementor-widget-container\">\n\t\t\t\t\t<h2 class=\"elementor-heading-title elementor-size-default\">Herzultraschall f\u00fcr Kinder als Privatleistung in Hoyerswerda\n<\/h2>\t\t\t\t<\/div>\n\t\t\t\t<\/div>\n\t\t\t\t<div class=\"elementor-element elementor-element-e354907 elementor-widget elementor-widget-image\" data-id=\"e354907\" data-element_type=\"widget\" data-widget_type=\"image.default\">\n\t\t\t\t<div class=\"elementor-widget-container\">\n\t\t\t\t\t\t\t\t\t\t\t\t\t\t\t<img fetchpriority=\"high\" decoding=\"async\" width=\"800\" height=\"533\" src=\"https:\/\/dr-donovalova.de\/neustadtpraxis\/wp-content\/uploads\/sites\/3\/2022\/01\/Praxis_Donovalova_Hoyerswerda-0218-1-1024x682.jpg\" class=\"attachment-large size-large wp-image-3091\" alt=\"\" srcset=\"https:\/\/dr-donovalova.de\/neustadtpraxis\/wp-content\/uploads\/sites\/3\/2022\/01\/Praxis_Donovalova_Hoyerswerda-0218-1-1024x682.jpg 1024w, https:\/\/dr-donovalova.de\/neustadtpraxis\/wp-content\/uploads\/sites\/3\/2022\/01\/Praxis_Donovalova_Hoyerswerda-0218-1-300x200.jpg 300w, https:\/\/dr-donovalova.de\/neustadtpraxis\/wp-content\/uploads\/sites\/3\/2022\/01\/Praxis_Donovalova_Hoyerswerda-0218-1-768x512.jpg 768w, https:\/\/dr-donovalova.de\/neustadtpraxis\/wp-content\/uploads\/sites\/3\/2022\/01\/Praxis_Donovalova_Hoyerswerda-0218-1-1536x1024.jpg 1536w, https:\/\/dr-donovalova.de\/neustadtpraxis\/wp-content\/uploads\/sites\/3\/2022\/01\/Praxis_Donovalova_Hoyerswerda-0218-1-600x400.jpg 600w, https:\/\/dr-donovalova.de\/neustadtpraxis\/wp-content\/uploads\/sites\/3\/2022\/01\/Praxis_Donovalova_Hoyerswerda-0218-1.jpg 2000w\" sizes=\"(max-width: 800px) 100vw, 800px\" \/>\t\t\t\t\t\t\t\t\t\t\t\t\t\t\t<\/div>\n\t\t\t\t<\/div>\n\t\t\t\t<div class=\"elementor-element elementor-element-03767f6 elementor-widget elementor-widget-spacer\" data-id=\"03767f6\" data-element_type=\"widget\" data-widget_type=\"spacer.default\">\n\t\t\t\t<div class=\"elementor-widget-container\">\n\t\t\t\t\t\t\t<div class=\"elementor-spacer\">\n\t\t\t<div class=\"elementor-spacer-inner\"><\/div>\n\t\t<\/div>\n\t\t\t\t\t\t<\/div>\n\t\t\t\t<\/div>\n\t\t\t\t<div class=\"elementor-element elementor-element-6e9796a elementor-widget elementor-widget-text-editor\" data-id=\"6e9796a\" data-element_type=\"widget\" data-widget_type=\"text-editor.default\">\n\t\t\t\t<div class=\"elementor-widget-container\">\n\t\t\t\t\t\t\t\t\t<p>Hat Ihr Arzt f\u00fcr Ihr Kind eine Herzultraschalluntersuchung angeraten oder aber, Ihr Kind muss regelm\u00e4\u00dfig echokardiographisch untersucht werden? Dann besteht jetzt auch in Hoyerswerda erneut die M\u00f6glichkeit, wie schon in der Vergangenheit, diese ambulante Untersuchung durchf\u00fchren zu lassen.<\/p><p>Mit dem Herzultraschall f\u00fcr Ihr Kind hier vor Ort erspart sich f\u00fcr Sie der Weg nach Cottbus oder Dresden, wo dies zwar als Kassenleistung angeboten wird, allerdings mit sehr ausgesch\u00f6pften Kapazit\u00e4ten. In Hoyerswerda erhalten Sie auch kurzfristig einen Termin und sind mit Frau Dr. Petra Jesche, der ehemaligen Chef\u00e4rztin der Hoyerswerdaer Kinderklinik, in den besten H\u00e4nden.<\/p><p>Die Abrechnung des Kinderherzultraschalls in einer Hausarztpraxis ist nur im Rahmen einer Privatsprechstunde m\u00f6glich. Der entscheidende Beweggrund, diese Untersuchung in meiner Praxis zus\u00e4tzlich anzubieten, ist die ungebrochen hohe Nachfrage nach dieser Untersuchung hier vor Ort, die nicht vorhandenen Kapazit\u00e4ten in Hoyerswerda sowie die Bereitschaft von Frau Dr. Petra Jesche, weiterhin ihre Ultraschallsprechstunde f\u00fcr Kinder durchzuf\u00fchren.<\/p><p>Um die finanzielle Belastung f\u00fcr Eltern von gesetzlich versicherten Kindern so gering wie m\u00f6glich zu halten, berechnen wir f\u00fcr den kompletten Ultraschall inklusive eingehender Untersuchung und Befundbesprechung mit 95,59\u00a0Euro den niedrigsten Kostensatz, der nach der Geb\u00fchrenordnung f\u00fcr \u00c4rzte (GO\u00c4) m\u00f6glich ist. Die gesetzlichen Krankenkassen sind ausdr\u00fccklich nicht verpflichtet, Ihnen diese Auslagen zu erstatten. Wenn Sie die von der gesetzlichen Krankenkasse getragene Untersuchung bevorzugen, so steht es Ihnen selbstverst\u00e4ndlich frei, sich nach Dresden oder Cottbus zu wenden.<\/p><p>Hier in meiner Praxis wird Ihnen ab dem 01.05.2023 Frau Dr. Petra Jesche immer mittwochs von 13 bis 18 Uhr mit ihrem Herzultraschall zur Verf\u00fcgung stehen.<\/p>\t\t\t\t\t\t\t\t<\/div>\n\t\t\t\t<\/div>\n\t\t\t\t<div class=\"elementor-element elementor-element-3cec127 elementor-widget elementor-widget-spacer\" data-id=\"3cec127\" data-element_type=\"widget\" data-widget_type=\"spacer.default\">\n\t\t\t\t<div class=\"elementor-widget-container\">\n\t\t\t\t\t\t\t<div class=\"elementor-spacer\">\n\t\t\t<div class=\"elementor-spacer-inner\"><\/div>\n\t\t<\/div>\n\t\t\t\t\t\t<\/div>\n\t\t\t\t<\/div>\n\t\t\t\t<div class=\"elementor-element elementor-element-ab64cc3 elementor-widget elementor-widget-text-editor\" data-id=\"ab64cc3\" data-element_type=\"widget\" data-widget_type=\"text-editor.default\">\n\t\t\t\t<div class=\"elementor-widget-container\">\n\t\t\t\t\t\t\t\t\t<p><strong>Anmeldung:<\/strong> entweder telefonisch w\u00e4hrend der Sprechzeiten unter: <strong>(03571) 40 64 49<\/strong> oder jederzeit in\u00a0 unserem <strong>Onlineterminkalender.<\/strong><\/p>\t\t\t\t\t\t\t\t<\/div>\n\t\t\t\t<\/div>\n\t\t\t\t<div class=\"elementor-element elementor-element-85856dd elementor-widget elementor-widget-shortcode\" data-id=\"85856dd\" data-element_type=\"widget\" data-widget_type=\"shortcode.default\">\n\t\t\t\t<div class=\"elementor-widget-container\">\n\t\t\t\t\t\t\t<div class=\"elementor-shortcode\"><\/p> <!-- this p tag fixes a IE bug -->\n<link rel=\"stylesheet\" type=\"text\/css\" href=\"https:\/\/dr-donovalova.de\/neustadtpraxis\/wp-content\/plugins\/appointment-booking-calendar\/TDE_AppCalendar\/modern2\/all-css.css\" \/>\n<script>\nvar pathCalendar = \"\/neustadtpraxis\";\nvar cpabc_global_date_format = '1';\nvar cpabc_global_military_time = '1';\nvar cpabc_global_start_weekday = '1';\nvar cpabc_global_mindate = '4\/16\/2026';\nvar cpabc_global_maxdate = '';\nvar cpabc_global_gmt_enabled = false;\nvar cpabc_global_gmt = 0;\nvar cpabc_global_close_on_select = true;\nvar cpabc_global_cancel_text = 'Stornieren';\nvar cpabc_global_pagedate = '4\/2026';\n<\/script>\n<!--noptimize--><script type=\"text\/javascript\" src=\"https:\/\/dr-donovalova.de\/neustadtpraxis\/wp-content\/plugins\/appointment-booking-calendar\/TDE_AppCalendar\/all-scripts.js\"><\/script><script type=\"text\/javascript\">\n var cpabc_current_calendar_item;\n var abc_last_date = '';\n var abc_cost = '';\n function apc_clear_date()\n {\n    document.getElementById(\"selDaycal\"+cpabc_current_calendar_item ).value = \"\";\n        cpabc_updateItem();\n }\n function cpabc_updateItem()\n {\n    document.getElementById(\"calarea_\"+cpabc_current_calendar_item).style.display = \"none\";\n    var i = document.FormEdit.cpabc_item.options.selectedIndex;\n    var selecteditem = document.FormEdit.cpabc_item.options[i].value;\n    cpabc_do_init(selecteditem);\n }\n var cpabc_first_load = true;\n function cpabc_do_init(id)\n {                                                      \n    cpabc_current_calendar_item = id;\n    document.getElementById(\"calarea_\"+cpabc_current_calendar_item).style.display = \"\";\n    cpabc_global_date_format = document.getElementById(\"ccpabc_global_date_format\"+id).value;\n    cpabc_global_military_time = document.getElementById(\"ccpabc_global_military_time\"+id).value;\n    cpabc_global_start_weekday = document.getElementById(\"ccpabc_global_start_weekday\"+id).value;\n    cpabc_global_mindate = document.getElementById(\"cmintime\"+id).value;\n    cpabc_global_maxdate = document.getElementById(\"cmaxtime\"+id).value;\n    if (document.getElementById(\"ccpabc_global_gmt_enabled\"+id).value == 'true') \n        cpabc_global_gmt_enabled = true;\n    else\n        cpabc_global_gmt_enabled = false;    \n    cpabc_global_gmt = document.getElementById(\"ccpabc_global_gmt\"+id).value;\n    if (document.getElementById(\"ccpabc_global_close_on_select\"+id).value == 'true') \n        cpabc_global_close_on_select = true;\n    else\n        cpabc_global_close_on_select = false;    \n    cpabc_global_pagedate = document.getElementById(\"ccpabc_global_pagedate\"+id).value;    \n    initAppCalendar(\"cal\"+cpabc_current_calendar_item,document.getElementById(\"ccpages\"+id).value,2,document.getElementById(\"cclanguage\"+id).value,{m1:\"<div id=\\\"abc_pleaseselect\\\">Bitte w\u00e4hlen Sie den Termin.<\/div>\"});    $dexQuery = jQuery.noConflict();                    \n    $dexQuery.ajax({\n                      type: \"GET\",\n                      url: \"\/neustadtpraxis\/?dex_abc=getservices\"+String.fromCharCode(38)\n                      +\"inAdmin=1\"+String.fromCharCode(38)\n                      +\"cpabc_item=\"+cpabc_current_calendar_item+\"\"+String.fromCharCode(38),\n                    }).done(function( html ) {                        \n                        document.getElementById(\"abcservices\").innerHTML = html;                        \n                    }); }\n function force_updatedate() {\n     abc_last_date = \"\";\n     updatedate();\n }\n function updatedate()\n { }\n <\/script><!--\/noptimize-->\n    <style type=\"text\/css\">.yui-calendar .calhead {\r\n    background-color: #FF9900;\r\n    color: #fff;\r\n    border-top-left-radius: 0px;\r\n    border-top-right-radius: 0px;\r\n}\r\n\r\n.yui-calendar div, .yui-calendar td, .yui-calendar th, .yui-calendar thead, .yui-calendar span {\r\n    line-height: 30px;\r\n    font-family: \\\\\\\\\\\\\\\\\\\\\\\\\\\\\\\\\\\\\\\\\\\\\\\\\\\\\\\\\\\\\\\\\\\\\\\\\\\\\\\\\\\\\\\\\\\\\\\\\\\\\\\\\\\\\\\\\\\\\\\\\\\\\\\\\\\\\\\\\\\\\\\\\\\\\\\\\\\\\\\\\\\\\\\\\\\\\\\\\\\\\\\\\\\\\\\\\\\\\\\\\\\\\\\\\\\\\\\\\\\\\\\\\\\\\\\\\\\\\\\\\\\\\\\\\\\\\\'Arial\\\\\\\\\\\\\\\\\\\\\\\\\\\\\\\\\\\\\\\\\\\\\\\\\\\\\\\\\\\\\\\\\\\\\\\\\\\\\\\\\\\\\\\\\\\\\\\\\\\\\\\\\\\\\\\\\\\\\\\\\\\\\\\\\\\\\\\\\\\\\\\\\\\\\\\\\\\\\\\\\\\\\\\\\\\\\\\\\\\\\\\\\\\\\\\\\\\\\\\\\\\\\\\\\\\\\\\\\\\\\\\\\\\\\\\\\\\\\\\\\\\\\\\\\\\\\\';\r\n}\r\n\r\n#cp_abcform_pform .yui-calendar, .yui-calcontainer.multi .groupcal {\r\n    border-radius: 0px;\r\n}\r\n\r\ntable.yui-calendar th.calweekdaycell {\r\n    background-color: #757575;\r\n    color: #fff;\r\n}\r\n\r\nelement.style {\r\n}\r\ninput[type=date], input[type=email], input[type=number], input[type=password], input[type=search], input[type=tel], input[type=text], input[type=url], select, textarea {\r\n    width: 100%;\r\n    border: 1px solid #666;\r\n    border-radius: 0px;\r\n    padding: 0.5rem 1rem;\r\n    -webkit-transition: all .3s;\r\n    -o-transition: all .3s;\r\n    transition: all .3s;\r\n}\r\n\r\nelement.style {\r\n}\r\ninput[type=date], input[type=email], input[type=number], input[type=password], input[type=search], input[type=tel], input[type=text], input[type=url], select, textarea {\r\n    width: 100%;\r\n    border: 1px solid #dedede;\r\n    border-radius: 0px;\r\n    padding: 0.5rem 1rem;\r\n    -webkit-transition: all .3s;\r\n    -o-transition: all .3s;\r\n    transition: all .3s;\r\n}\r\n\r\n[type=button], [type=submit], button {\r\n    display: inline-block;\r\n    font-weight: 400;\r\n    color: #f90;\r\n    text-align: center;\r\n    white-space: nowrap;\r\n    -webkit-user-select: none;\r\n    -moz-user-select: none;\r\n    -ms-user-select: none;\r\n    user-select: none;\r\n    background-color: transparent;\r\n    border: 1px solid #f90;\r\n    padding: 0.5rem 1rem;\r\n    font-size: 1rem;\r\n    border-radius: 3px;\r\n    -webkit-transition: all .3s;\r\n    -o-transition: all .3s;\r\n    transition: all .3s;\r\n}<\/style><form class=\"cpp_form\" id=\"cp_abcform_pform\" name=\"FormEdit\" action=\"\" method=\"post\" onsubmit=\"return doValidate(this);\">\r\n<input name=\"cpabc_appointments_post\" type=\"hidden\"  value=\"1\" \/><input name=\"cpabc_appointments_utime\" type=\"hidden\"  value=\"\" \/>\r\n<div style=\"display:none\">\r\n  Kalender<br \/>\r\n  <select autocomplete=\"off\" name=\"cpabc_item\" id=\"cpabc_item\" onchange=\"cpabc_updateItem()\"><option value=6>Kinder ECHO<\/option><\/select><br \/><br \/>\r\n<\/div>\r\n<div class=\"abc_selectdate fields\"><label>W\u00e4hlen Sie Datum und Uhrzeit:<\/label><\/div><div id=\"calarea_6\" style=\"display:none\"><input name=\"tzonelistcal6\" type=\"hidden\" id=\"tzonelistcal6\" \/><input name=\"selDaycal6\" type=\"hidden\" id=\"selDaycal6\" \/><input name=\"selMonthcal6\" type=\"hidden\" id=\"selMonthcal6\" \/><input name=\"selYearcal6\" type=\"hidden\" id=\"selYearcal6\" \/><input name=\"selHourcal6\" type=\"hidden\" id=\"selHourcal6\" \/><input name=\"selMinutecal6\" type=\"hidden\" id=\"selMinutecal6\" \/><div class=\"appContainer\"><div style=\"z-index:1000;\" class=\"appContainer2\"><div id=\"cal6Container\"><\/div><\/div><\/div> <div style=\"clear:both;\"><\/div><div id=\"listcal6\" class=\"listcal\"><\/div><\/div><input name=\"cclanguage6\" type=\"hidden\" id=\"cclanguage6\" value=\"DE\" \/><input name=\"ccpages6\" type=\"hidden\" id=\"ccpages6\" value=\"1\" \/><input name=\"ccpabc_global_date_format6\" type=\"hidden\" id=\"ccpabc_global_date_format6\" value=\"1\" \/><input name=\"ccpabc_global_military_time6\" type=\"hidden\" id=\"ccpabc_global_military_time6\" value=\"1\" \/><input name=\"ccpabc_global_start_weekday6\" type=\"hidden\" id=\"ccpabc_global_start_weekday6\" value=\"1\" \/><input name=\"cmintime6\" type=\"hidden\" id=\"cmintime6\" value=\"4\/16\/2026\" \/><input name=\"cmaxtime6\" type=\"hidden\" id=\"cmaxtime6\" value=\"\" \/>            <input name=\"ccpabc_global_gmt_enabled6\" type=\"hidden\" id=\"ccpabc_global_gmt_enabled6\" value=\"false\" \/><input name=\"ccpabc_global_gmt6\" type=\"hidden\" id=\"ccpabc_global_gmt6\" value=\"0\" \/><input name=\"ccpabc_global_close_on_select6\" type=\"hidden\" id=\"ccpabc_global_close_on_select6\" value=\"true\" \/><input name=\"ccpabc_global_pagedate6\" type=\"hidden\" id=\"ccpabc_global_pagedate6\" value=\"4\/2026\" \/><script type=\"text\/javascript\">\r\n var cpabc_max_slots = 1;\r\n var cpabc_max_slots_text = 'Please select a maximum of %1 time-slots. Currently selected: %2 time-slots.';\r\n cpabc_max_slots_text = cpabc_max_slots_text.replace('%1',cpabc_max_slots);\r\n cpabc_max_slots_text = cpabc_max_slots_text.replace('%2',cpabc_max_slots);\r\n cpabc_current_calendar_item = 6;\r\n cpabc_do_init(6);\r\n setInterval('updatedate()',200);\r\n function doValidate(form)\r\n {\r\n    var visitortime = new Date();\r\n    form.cpabc_appointments_utime.value = \"GMT \" + -visitortime.getTimezoneOffset()\/60;\r\n    if (form.phone.value == '')\r\n    {\r\n        alert('Bitte geben Sie eine g\u00fcltige Telefonnummer.');\r\n        return false;\r\n    }\r\n    if (form.email.value == '')\r\n    {\r\n        alert('Bitte geben Sie eine g\u00fcltige E-Mail-Adresse.');\r\n        return false;\r\n    }\r\n    if (form.name.value == '')\r\n    {\r\n        alert('Bitte schreiben Sie Ihren Namen.');\r\n        return false;\r\n    }\r\n    var selst = \"\"+document.getElementById(\"selDaycal\"+cpabc_current_calendar_item).value;    \r\n    if (selst == '')\r\n    {\r\n        alert('Bitte w\u00e4hlen Sie Datum und Uhrzeit.');\r\n        return false;\r\n    }\r\n    selst = selst.match(\/;\/g);selst = selst.length;\r\n    if (selst < 1)\r\n    {\r\n        var almsg = 'Bitte w\u00e4hlen sie mindestens %1 zeit. Derzeit ausgew\u00e4hlt: %2 zeit';\r\n        almsg = almsg.replace('%1','1');\r\n        almsg = almsg.replace('%2',selst);\r\n        alert(almsg);\r\n        return false;\r\n    }\r\n    if (selst > 1)\r\n    {\r\n        var almsg = 'Bitte w\u00e4hlen sie ein maximum von %1 zeit. Derzeit ausgew\u00e4hlt: %2 zeit';\r\n        almsg = almsg.replace('%1','1');\r\n        almsg = almsg.replace('%2',selst);\r\n        alert(almsg);\r\n        return false;\r\n    } \r\n        { $dexQuery = jQuery.noConflict(); \r\n        var result = $dexQuery.ajax({\r\n           type: \"GET\",\r\n           url: \"\/neustadtpraxis?cal=\"+cpabc_current_calendar_item+String.fromCharCode(38)+\"abc_verifydate=\"+$dexQuery(\"#selDaycal\"+cpabc_current_calendar_item).val()+String.fromCharCode(38)+\"tobook=1\",\r\n           async: false\r\n        }).responseText;\r\n        if (result == \"failed\")\r\n        {\r\n            alert('Time-slot already reserved. Please select a different time.');\r\n            return false;\r\n        }  return true;\r\n    }  \r\n }\r\n<\/script><div style=\"clear:both;\"><\/div><div id=\"abccost\"><\/div>\r\n<br \/>\r\nIhre Telefonnummer:<br \/>\r\n<input type=\"text\" name=\"phone\" value=\"\"><br \/>\r\nIhr Name:<br \/>\r\n<input type=\"text\" name=\"name\" value=\"\"><br \/>\r\nIhre E-Mail:<br \/>\r\n<input type=\"text\" name=\"email\" value=\"\"><br \/>\r\nKommentare \/ Fragen:<br \/>\r\n<textarea name=\"question\" style=\"width:100%\"><\/textarea><br \/>\r\n<div id=\"abcservices\">Dienst:<br \/><select name=\"services\" onchange=\"force_updatedate()\"><option value=\"1 | Kinderechokardiographie\">Kinderechokardiographie<\/option><\/select><br \/><br \/><\/div>  \r\n<input type=\"submit\" name=\"subbtn\" class=\"cp_subbtn\" value=\"Jetzt Termin Buchen\">\r\n<\/form>\r\n\r\n\r\n\n<\/div>\n\t\t\t\t\t\t<\/div>\n\t\t\t\t<\/div>\n\t\t\t\t\t<\/div>\n\t\t<\/div>\n\t\t\t\t<div class=\"elementor-column elementor-col-50 elementor-top-column elementor-element elementor-element-6d5a27f\" data-id=\"6d5a27f\" data-element_type=\"column\" data-settings=\"{&quot;background_background&quot;:&quot;classic&quot;}\">\n\t\t\t<div class=\"elementor-widget-wrap elementor-element-populated\">\n\t\t\t\t\t\t<div class=\"elementor-element elementor-element-b84e103 elementor-widget elementor-widget-spacer\" data-id=\"b84e103\" data-element_type=\"widget\" data-widget_type=\"spacer.default\">\n\t\t\t\t<div class=\"elementor-widget-container\">\n\t\t\t\t\t\t\t<div class=\"elementor-spacer\">\n\t\t\t<div class=\"elementor-spacer-inner\"><\/div>\n\t\t<\/div>\n\t\t\t\t\t\t<\/div>\n\t\t\t\t<\/div>\n\t\t\t\t<div class=\"elementor-element elementor-element-3c5489d elementor-widget elementor-widget-heading\" data-id=\"3c5489d\" data-element_type=\"widget\" data-widget_type=\"heading.default\">\n\t\t\t\t<div class=\"elementor-widget-container\">\n\t\t\t\t\t<h2 class=\"elementor-heading-title elementor-size-default\">Bei Ultraschalluntersuchungen bitte beachten!<\/h2>\t\t\t\t<\/div>\n\t\t\t\t<\/div>\n\t\t\t\t<div class=\"elementor-element elementor-element-69729bd elementor-widget elementor-widget-spacer\" data-id=\"69729bd\" data-element_type=\"widget\" data-widget_type=\"spacer.default\">\n\t\t\t\t<div class=\"elementor-widget-container\">\n\t\t\t\t\t\t\t<div class=\"elementor-spacer\">\n\t\t\t<div class=\"elementor-spacer-inner\"><\/div>\n\t\t<\/div>\n\t\t\t\t\t\t<\/div>\n\t\t\t\t<\/div>\n\t\t\t\t<div class=\"elementor-element elementor-element-caf75f3 elementor-widget elementor-widget-text-editor\" data-id=\"caf75f3\" data-element_type=\"widget\" data-widget_type=\"text-editor.default\">\n\t\t\t\t<div class=\"elementor-widget-container\">\n\t\t\t\t\t\t\t\t\t<p>Bringen Sie bitte 2 Handt\u00fccher mit <br \/>(1x gro\u00df u. 1x klein)<\/p>\t\t\t\t\t\t\t\t<\/div>\n\t\t\t\t<\/div>\n\t\t\t\t<div class=\"elementor-element elementor-element-b8a39c3 elementor-widget elementor-widget-text-editor\" data-id=\"b8a39c3\" data-element_type=\"widget\" data-widget_type=\"text-editor.default\">\n\t\t\t\t<div class=\"elementor-widget-container\">\n\t\t\t\t\t\t\t\t\t<p>Denken Sie an das unterschriebe Aufkl\u00e4rungsblatt.\u00a0<\/p><p>AUFKL\u00c4RUNGSMERKBLATT |\u00a0<a href=\"https:\/\/designarbeit.com\/neustadtpraxis\/wp-content\/uploads\/2023\/03\/Herzultraschall_Kinder_2023-web.pdf\" target=\"_blank\" rel=\"noopener\"><strong>Download<\/strong><\/a><\/p>\t\t\t\t\t\t\t\t<\/div>\n\t\t\t\t<\/div>\n\t\t\t\t\t<\/div>\n\t\t<\/div>\n\t\t\t\t\t<\/div>\n\t\t<\/section>\n\t\t\t\t<\/div>\n\t\t","protected":false},"excerpt":{"rendered":"<p>Herzultraschall f\u00fcr Kinder als Privatleistung in Hoyerswerda Hat Ihr Arzt f\u00fcr Ihr Kind eine Herzultraschalluntersuchung angeraten oder aber, Ihr Kind muss regelm\u00e4\u00dfig echokardiographisch untersucht werden? Dann besteht jetzt auch in Hoyerswerda erneut die M\u00f6glichkeit, wie schon in der Vergangenheit, diese ambulante Untersuchung durchf\u00fchren zu lassen. Mit dem Herzultraschall f\u00fcr Ihr Kind hier vor Ort erspart [&hellip;]<\/p>\n","protected":false},"author":1,"featured_media":0,"parent":0,"menu_order":0,"comment_status":"closed","ping_status":"closed","template":"elementor_header_footer","meta":{"footnotes":""},"class_list":["post-4200","page","type-page","status-publish","hentry"],"_links":{"self":[{"href":"https:\/\/dr-donovalova.de\/neustadtpraxis\/wp-json\/wp\/v2\/pages\/4200","targetHints":{"allow":["GET"]}}],"collection":[{"href":"https:\/\/dr-donovalova.de\/neustadtpraxis\/wp-json\/wp\/v2\/pages"}],"about":[{"href":"https:\/\/dr-donovalova.de\/neustadtpraxis\/wp-json\/wp\/v2\/types\/page"}],"author":[{"embeddable":true,"href":"https:\/\/dr-donovalova.de\/neustadtpraxis\/wp-json\/wp\/v2\/users\/1"}],"replies":[{"embeddable":true,"href":"https:\/\/dr-donovalova.de\/neustadtpraxis\/wp-json\/wp\/v2\/comments?post=4200"}],"version-history":[{"count":78,"href":"https:\/\/dr-donovalova.de\/neustadtpraxis\/wp-json\/wp\/v2\/pages\/4200\/revisions"}],"predecessor-version":[{"id":4289,"href":"https:\/\/dr-donovalova.de\/neustadtpraxis\/wp-json\/wp\/v2\/pages\/4200\/revisions\/4289"}],"wp:attachment":[{"href":"https:\/\/dr-donovalova.de\/neustadtpraxis\/wp-json\/wp\/v2\/media?parent=4200"}],"curies":[{"name":"wp","href":"https:\/\/api.w.org\/{rel}","templated":true}]}}