{"id":2907,"date":"2022-01-27T10:07:23","date_gmt":"2022-01-27T09:07:23","guid":{"rendered":"https:\/\/dr-donovalova.de\/neustadtpraxis\/?page_id=2907"},"modified":"2022-07-23T20:07:33","modified_gmt":"2022-07-23T18:07:33","slug":"vorsorge","status":"publish","type":"page","link":"https:\/\/dr-donovalova.de\/neustadtpraxis\/vorsorge\/","title":{"rendered":"Ultraschall"},"content":{"rendered":"\t\t<div data-elementor-type=\"wp-page\" data-elementor-id=\"2907\" class=\"elementor elementor-2907\" data-elementor-post-type=\"page\">\n\t\t\t\t\t\t<section class=\"elementor-section elementor-top-section elementor-element elementor-element-3ab4b0a8 elementor-section-boxed elementor-section-height-default elementor-section-height-default\" data-id=\"3ab4b0a8\" data-element_type=\"section\" data-settings=\"{&quot;background_background&quot;:&quot;gradient&quot;}\">\n\t\t\t\t\t\t<div class=\"elementor-container elementor-column-gap-default\">\n\t\t\t\t\t<div class=\"elementor-column elementor-col-50 elementor-top-column elementor-element elementor-element-2d15077e\" data-id=\"2d15077e\" data-element_type=\"column\">\n\t\t\t<div class=\"elementor-widget-wrap elementor-element-populated\">\n\t\t\t\t\t\t<div class=\"elementor-element elementor-element-443689f7 elementor-invisible elementor-widget elementor-widget-heading\" data-id=\"443689f7\" data-element_type=\"widget\" data-settings=\"{&quot;_animation&quot;:&quot;fadeIn&quot;}\" data-widget_type=\"heading.default\">\n\t\t\t\t<div class=\"elementor-widget-container\">\n\t\t\t\t\t<h2 class=\"elementor-heading-title elementor-size-small\">Ultraschalldiagnostik\nKontrastmittelsonographie<\/h2>\t\t\t\t<\/div>\n\t\t\t\t<\/div>\n\t\t\t\t<div class=\"elementor-element elementor-element-be6cdc2 elementor-invisible elementor-widget elementor-widget-text-editor\" data-id=\"be6cdc2\" data-element_type=\"widget\" data-settings=\"{&quot;_animation&quot;:&quot;fadeIn&quot;}\" data-widget_type=\"text-editor.default\">\n\t\t\t\t<div class=\"elementor-widget-container\">\n\t\t\t\t\t\t\t\t\t<div id=\"cc-m-7223965081\" class=\"j-module n j-text \" style=\"padding: 5px; overflow-wrap: break-word; color: #444444; font-family: 'Noto Sans', sans-serif, google; font-size: 15px; line-height: 1.75em;\"><p style=\"margin-right: 0px; margin-bottom: 0px; margin-left: 0px;\">Die Ultraschall-Technologie geh\u00f6rt heute zu den wichtigsten Untersuchungsmethoden der Inneren Medizin. Dabei werden mithilfe von Schallwellen \u2013 also ohne sch\u00e4dliche ionisierende Strahlung wie beim R\u00f6ntgen und der Computertomographie \u2013 Strukturen und Organe im K\u00f6rper schmerzfrei und ohne Nebenwirkungen untersucht.<\/p><\/div><div id=\"cc-m-7223965181\" class=\"j-module n j-text \" style=\"padding: 5px; overflow-wrap: break-word; color: #444444; font-family: 'Noto Sans', sans-serif, google; font-size: 15px; line-height: 1.75em;\"><p style=\"margin-right: 0px; margin-bottom: 0px; margin-left: 0px;\">Als besondere Diagnose-Technik biete ich in meiner Praxis die sogenannte Kontrastmittel-Sonographie an. Dieses &#8222;j\u00fcngste Kind&#8220; in der Ultraschall-Diagnostik ist in niedergelassenen Praxen nur \u00e4u\u00dferst selten verf\u00fcgbar, weil daf\u00fcr sehr teure High-End-Ger\u00e4te erforderlich sind und die Untersucher eine spezielle Expertise brauchen.<\/p><\/div>\t\t\t\t\t\t\t\t<\/div>\n\t\t\t\t<\/div>\n\t\t\t\t\t<\/div>\n\t\t<\/div>\n\t\t\t\t<div class=\"elementor-column elementor-col-50 elementor-top-column elementor-element elementor-element-6ebe4f1d\" data-id=\"6ebe4f1d\" data-element_type=\"column\">\n\t\t\t<div class=\"elementor-widget-wrap elementor-element-populated\">\n\t\t\t\t\t\t<div class=\"elementor-element elementor-element-54c4e375 elementor-invisible elementor-widget elementor-widget-image\" data-id=\"54c4e375\" data-element_type=\"widget\" data-settings=\"{&quot;_animation&quot;:&quot;fadeIn&quot;}\" data-widget_type=\"image.default\">\n\t\t\t\t<div class=\"elementor-widget-container\">\n\t\t\t\t\t\t\t\t\t\t\t\t\t\t\t<img fetchpriority=\"high\" decoding=\"async\" width=\"800\" height=\"533\" src=\"https:\/\/dr-donovalova.de\/neustadtpraxis\/wp-content\/uploads\/sites\/3\/2022\/01\/Praxis_Donovalova_Hoyerswerda-0218-1024x682.jpg\" class=\"attachment-large size-large wp-image-2623\" alt=\"\" srcset=\"https:\/\/dr-donovalova.de\/neustadtpraxis\/wp-content\/uploads\/sites\/3\/2022\/01\/Praxis_Donovalova_Hoyerswerda-0218-1024x682.jpg 1024w, https:\/\/dr-donovalova.de\/neustadtpraxis\/wp-content\/uploads\/sites\/3\/2022\/01\/Praxis_Donovalova_Hoyerswerda-0218-300x200.jpg 300w, https:\/\/dr-donovalova.de\/neustadtpraxis\/wp-content\/uploads\/sites\/3\/2022\/01\/Praxis_Donovalova_Hoyerswerda-0218-768x512.jpg 768w, https:\/\/dr-donovalova.de\/neustadtpraxis\/wp-content\/uploads\/sites\/3\/2022\/01\/Praxis_Donovalova_Hoyerswerda-0218-1536x1024.jpg 1536w, https:\/\/dr-donovalova.de\/neustadtpraxis\/wp-content\/uploads\/sites\/3\/2022\/01\/Praxis_Donovalova_Hoyerswerda-0218-600x400.jpg 600w, https:\/\/dr-donovalova.de\/neustadtpraxis\/wp-content\/uploads\/sites\/3\/2022\/01\/Praxis_Donovalova_Hoyerswerda-0218.jpg 2000w\" sizes=\"(max-width: 800px) 100vw, 800px\" \/>\t\t\t\t\t\t\t\t\t\t\t\t\t\t\t<\/div>\n\t\t\t\t<\/div>\n\t\t\t\t\t<\/div>\n\t\t<\/div>\n\t\t\t\t\t<\/div>\n\t\t<\/section>\n\t\t\t\t<section class=\"elementor-section elementor-top-section elementor-element elementor-element-6244c894 elementor-section-boxed elementor-section-height-default elementor-section-height-default\" data-id=\"6244c894\" data-element_type=\"section\" data-settings=\"{&quot;background_background&quot;:&quot;classic&quot;}\">\n\t\t\t\t\t\t<div class=\"elementor-container elementor-column-gap-default\">\n\t\t\t\t\t<div class=\"elementor-column elementor-col-100 elementor-top-column elementor-element elementor-element-2c73a9f6\" data-id=\"2c73a9f6\" data-element_type=\"column\">\n\t\t\t<div class=\"elementor-widget-wrap elementor-element-populated\">\n\t\t\t\t\t\t<div class=\"elementor-element elementor-element-6148e382 elementor-invisible elementor-widget elementor-widget-text-editor\" data-id=\"6148e382\" data-element_type=\"widget\" data-settings=\"{&quot;_animation&quot;:&quot;fadeIn&quot;}\" data-widget_type=\"text-editor.default\">\n\t\t\t\t<div class=\"elementor-widget-container\">\n\t\t\t\t\t\t\t\t\t<div id=\"cc-m-7225205281\" class=\"j-module n j-header \"><p id=\"cc-m-header-7225205281\"><strong>SCHONEND, SCHNELL UND SCHMERZFREI<\/strong><\/p><\/div><div id=\"cc-m-7224796481\" class=\"j-module n j-text \"><p>Aber wie funktioniert diese besondere Untersuchungsmethode?\u00a0Ultraschall-Kontrastmittel sind mikroverkapselte Gasbl\u00e4schen (etwa so gro\u00df wie die roten Blutk\u00f6rperchen), enthalten im Gegensatz zu R\u00f6ntgen-Kontrastmitteln kein Jod und k\u00f6nnen daher auch bei Erkrankungen der Schilddr\u00fcse oder Nieren-funktionsst\u00f6rungen eingesetzt werden.<\/p><\/div><div id=\"cc-m-7224802681\" class=\"j-module n j-text \"><p>Eine winzige Menge Kontrastmittel (nur etwa 2-3 ml) wird \u00fcber eine Armvene gespritzt, die Mikrobl\u00e4schen werden mit dem Blut transportiert und k\u00f6nnen bereits nach weniger als 20 Sekunden in den zu untersuchenden Organen beobachtet werden. Nach etwa 5 Minuten ist das Kontrastmittel bereits weitgehend vom K\u00f6rper abgebaut (d.h. \u00fcber die Lunge ausgeatmet) und nach 10 Minuten nicht mehr im K\u00f6rper nachweisbar.<\/p><div id=\"cc-m-7225206081\" class=\"j-module n j-header \"><p id=\"cc-m-header-7225206081\"><strong>DETAILREICH UND AUSSAGEKR\u00c4FTIG<\/strong><\/p><\/div><div id=\"cc-m-7224802781\" class=\"j-module n j-text \"><p>Nach dem spezifischen Verhalten des Kontrastmittels in den Bauchorganen, insbesondere in der Leber, ist eine Erkennung und Zuordnung der verschiedenen Ver\u00e4nderungen in den Organen m\u00f6glich. So k\u00f6nnen z. B. 90\u201395% von Knoten in der Leber charakterisiert und in &#8222;gut&#8220; und &#8222;b\u00f6se&#8220; unterschieden werden.<\/p><\/div><div id=\"cc-m-7224802881\" class=\"j-module n j-text \"><p>Die Kontrastmittel-Sonographie ist mit den neuesten CT- und MRT-Techniken vergleichbar, ihnen manchmal sogar \u00fcberlegen. Aufgrund der hervorragenden Aussagekraft dieser Untersuchungsmethode werden mir zunehmend h\u00e4ufiger Patienten mit unklaren Befunden bei der normalen Sonographie, Patienten mit Jodallergie (kein CT m\u00f6glich) oder auch mit unklaren Befunden bei der Computertomographie zugewiesen.<\/p><\/div><\/div>\t\t\t\t\t\t\t\t<\/div>\n\t\t\t\t<\/div>\n\t\t\t\t\t<\/div>\n\t\t<\/div>\n\t\t\t\t\t<\/div>\n\t\t<\/section>\n\t\t\t\t<section class=\"elementor-section elementor-top-section elementor-element elementor-element-62005ae elementor-section-boxed elementor-section-height-default elementor-section-height-default\" data-id=\"62005ae\" data-element_type=\"section\" data-settings=\"{&quot;background_background&quot;:&quot;gradient&quot;}\">\n\t\t\t\t\t\t<div class=\"elementor-container elementor-column-gap-default\">\n\t\t\t\t\t<div class=\"elementor-column elementor-col-50 elementor-top-column elementor-element elementor-element-39ea2e5\" data-id=\"39ea2e5\" data-element_type=\"column\">\n\t\t\t<div class=\"elementor-widget-wrap elementor-element-populated\">\n\t\t\t\t\t\t<div class=\"elementor-element elementor-element-5779b95 elementor-invisible elementor-widget elementor-widget-image\" data-id=\"5779b95\" data-element_type=\"widget\" data-settings=\"{&quot;_animation&quot;:&quot;fadeIn&quot;}\" data-widget_type=\"image.default\">\n\t\t\t\t<div class=\"elementor-widget-container\">\n\t\t\t\t\t\t\t\t\t\t\t\t\t\t\t<img decoding=\"async\" width=\"800\" height=\"533\" src=\"https:\/\/dr-donovalova.de\/neustadtpraxis\/wp-content\/uploads\/sites\/3\/2022\/01\/Praxis_Donovalova_Hoyerswerda-0241-1024x682.jpg\" class=\"attachment-large size-large wp-image-3096\" alt=\"\" srcset=\"https:\/\/dr-donovalova.de\/neustadtpraxis\/wp-content\/uploads\/sites\/3\/2022\/01\/Praxis_Donovalova_Hoyerswerda-0241-1024x682.jpg 1024w, https:\/\/dr-donovalova.de\/neustadtpraxis\/wp-content\/uploads\/sites\/3\/2022\/01\/Praxis_Donovalova_Hoyerswerda-0241-300x200.jpg 300w, https:\/\/dr-donovalova.de\/neustadtpraxis\/wp-content\/uploads\/sites\/3\/2022\/01\/Praxis_Donovalova_Hoyerswerda-0241-768x512.jpg 768w, https:\/\/dr-donovalova.de\/neustadtpraxis\/wp-content\/uploads\/sites\/3\/2022\/01\/Praxis_Donovalova_Hoyerswerda-0241-1536x1024.jpg 1536w, https:\/\/dr-donovalova.de\/neustadtpraxis\/wp-content\/uploads\/sites\/3\/2022\/01\/Praxis_Donovalova_Hoyerswerda-0241-600x400.jpg 600w, https:\/\/dr-donovalova.de\/neustadtpraxis\/wp-content\/uploads\/sites\/3\/2022\/01\/Praxis_Donovalova_Hoyerswerda-0241.jpg 2000w\" sizes=\"(max-width: 800px) 100vw, 800px\" \/>\t\t\t\t\t\t\t\t\t\t\t\t\t\t\t<\/div>\n\t\t\t\t<\/div>\n\t\t\t\t\t<\/div>\n\t\t<\/div>\n\t\t\t\t<div class=\"elementor-column elementor-col-50 elementor-top-column elementor-element elementor-element-05d853f\" data-id=\"05d853f\" data-element_type=\"column\">\n\t\t\t<div class=\"elementor-widget-wrap elementor-element-populated\">\n\t\t\t\t\t\t<div class=\"elementor-element elementor-element-6c4946e elementor-invisible elementor-widget elementor-widget-heading\" data-id=\"6c4946e\" data-element_type=\"widget\" data-settings=\"{&quot;_animation&quot;:&quot;fadeIn&quot;}\" data-widget_type=\"heading.default\">\n\t\t\t\t<div class=\"elementor-widget-container\">\n\t\t\t\t\t<h2 class=\"elementor-heading-title elementor-size-default\">Vorsorge- Ultraschall <\/h2>\t\t\t\t<\/div>\n\t\t\t\t<\/div>\n\t\t\t\t<div class=\"elementor-element elementor-element-3d349c2 elementor-invisible elementor-widget elementor-widget-text-editor\" data-id=\"3d349c2\" data-element_type=\"widget\" data-settings=\"{&quot;_animation&quot;:&quot;fadeIn&quot;}\" data-widget_type=\"text-editor.default\">\n\t\t\t\t<div class=\"elementor-widget-container\">\n\t\t\t\t\t\t\t\t\t<div id=\"cc-m-7223965081\" class=\"j-module n j-text \" style=\"padding: 5px; overflow-wrap: break-word; color: #444444; font-family: 'Noto Sans', sans-serif, google; font-size: 15px; line-height: 1.75em;\"><p>Mit einer Ultraschalluntersuchung des Bauchraums k\u00f6nnen zahlreiche Erkrankungen der Bauchorgane festgestellt werden. Besonders ist sie zur Fr\u00fcherkennung von Tumoren der Niere, Leber und Bauchspeicheldr\u00fcse geeignet, sowie zur Fr\u00fcherkennung arteriosklerotischer Ver\u00e4nderungen der Bauchschlagader, die einen indirekten Hinweis auf den Zustand des gesamten Gef\u00e4\u00dfsystems gestatten.<\/p><p>Au\u00dferdem gibt das sonografische Aussehen von Leber und Bauchspeicheldr\u00fcse indirekte Hinweise auf den Kohlenhydrat- und Fettstoffwechsel des gesamten K\u00f6rpers.<\/p><\/div>\t\t\t\t\t\t\t\t<\/div>\n\t\t\t\t<\/div>\n\t\t\t\t\t<\/div>\n\t\t<\/div>\n\t\t\t\t\t<\/div>\n\t\t<\/section>\n\t\t\t\t<section class=\"elementor-section elementor-top-section elementor-element elementor-element-1000e63 elementor-section-boxed elementor-section-height-default elementor-section-height-default\" data-id=\"1000e63\" data-element_type=\"section\" data-settings=\"{&quot;background_background&quot;:&quot;classic&quot;}\">\n\t\t\t\t\t\t<div class=\"elementor-container elementor-column-gap-default\">\n\t\t\t\t\t<div class=\"elementor-column elementor-col-100 elementor-top-column elementor-element elementor-element-15046e4\" data-id=\"15046e4\" data-element_type=\"column\">\n\t\t\t<div class=\"elementor-widget-wrap elementor-element-populated\">\n\t\t\t\t\t\t<div class=\"elementor-element elementor-element-300bd86 elementor-invisible elementor-widget elementor-widget-text-editor\" data-id=\"300bd86\" data-element_type=\"widget\" data-settings=\"{&quot;_animation&quot;:&quot;fadeIn&quot;}\" data-widget_type=\"text-editor.default\">\n\t\t\t\t<div class=\"elementor-widget-container\">\n\t\t\t\t\t\t\t\t\t<div id=\"cc-m-7225205281\" class=\"j-module n j-header \"><p><strong>Private Vorsorge-Leistung<\/strong><\/p><p>Wenn die Abdomensonografie aufgrund von entsprechenden Beschwerden oder einer zugrunde liegenden Erkrankung angezeigt ist, geh\u00f6rt sie zum Leistungsumfang der gesetzlichen Krankenkassen.<\/p><p>Leider \u00e4u\u00dfern sich ernsthafte Erkrankungen des Bauchraums h\u00e4ufig erst in fortgeschrittenem Stadium durch verschiedene Beschwerden, sodass die Erkrankung sehr sp\u00e4t entdeckt wird.<\/p><p>Aus dieser leidvollen Erfahrung bieten wir Ihnen daher die M\u00f6glichkeit an, in unserer Praxis eine Bauchraum-Ultraschalluntersuchung vorbeugend auch bei fehlenden Beschwerden als private Vorsorgeleistung durchzuf\u00fchren.<\/p><p>Die Untersuchung mit konventioneller Sonografie und Duplexsonografie hat keinerlei Nebenwirkungen oder negative Auswirkungen und kostet einschlie\u00dflich des Auswertungsgespr\u00e4chs komplett 61,19 Euro.<\/p><p>Als freiwillige und private Vorsorgeleistung ist eine Erstattung durch die Krankenkasse leider nicht m\u00f6glich.<\/p><p>Sind Sie interessiert? Dann sprechen Sie bitte unser Praxispersonal an \u2013 wir beraten Sie gerne weiter.<\/p><\/div>\t\t\t\t\t\t\t\t<\/div>\n\t\t\t\t<\/div>\n\t\t\t\t\t<\/div>\n\t\t<\/div>\n\t\t\t\t\t<\/div>\n\t\t<\/section>\n\t\t\t\t<\/div>\n\t\t","protected":false},"excerpt":{"rendered":"<p>Ultraschalldiagnostik Kontrastmittelsonographie Die Ultraschall-Technologie geh\u00f6rt heute zu den wichtigsten Untersuchungsmethoden der Inneren Medizin. Dabei werden mithilfe von Schallwellen \u2013 also ohne sch\u00e4dliche ionisierende Strahlung wie beim R\u00f6ntgen und der Computertomographie \u2013 Strukturen und Organe im K\u00f6rper schmerzfrei und ohne Nebenwirkungen untersucht. Als besondere Diagnose-Technik biete ich in meiner Praxis die sogenannte Kontrastmittel-Sonographie an. Dieses &#8222;j\u00fcngste [&hellip;]<\/p>\n","protected":false},"author":1,"featured_media":0,"parent":0,"menu_order":0,"comment_status":"closed","ping_status":"closed","template":"elementor_header_footer","meta":{"footnotes":""},"class_list":["post-2907","page","type-page","status-publish","hentry"],"_links":{"self":[{"href":"https:\/\/dr-donovalova.de\/neustadtpraxis\/wp-json\/wp\/v2\/pages\/2907","targetHints":{"allow":["GET"]}}],"collection":[{"href":"https:\/\/dr-donovalova.de\/neustadtpraxis\/wp-json\/wp\/v2\/pages"}],"about":[{"href":"https:\/\/dr-donovalova.de\/neustadtpraxis\/wp-json\/wp\/v2\/types\/page"}],"author":[{"embeddable":true,"href":"https:\/\/dr-donovalova.de\/neustadtpraxis\/wp-json\/wp\/v2\/users\/1"}],"replies":[{"embeddable":true,"href":"https:\/\/dr-donovalova.de\/neustadtpraxis\/wp-json\/wp\/v2\/comments?post=2907"}],"version-history":[{"count":87,"href":"https:\/\/dr-donovalova.de\/neustadtpraxis\/wp-json\/wp\/v2\/pages\/2907\/revisions"}],"predecessor-version":[{"id":3985,"href":"https:\/\/dr-donovalova.de\/neustadtpraxis\/wp-json\/wp\/v2\/pages\/2907\/revisions\/3985"}],"wp:attachment":[{"href":"https:\/\/dr-donovalova.de\/neustadtpraxis\/wp-json\/wp\/v2\/media?parent=2907"}],"curies":[{"name":"wp","href":"https:\/\/api.w.org\/{rel}","templated":true}]}}