{"id":4860,"date":"2025-07-31T23:04:36","date_gmt":"2025-07-31T21:04:36","guid":{"rendered":"https:\/\/dr-donovalova.de\/altstadtpraxis\/?page_id=4860"},"modified":"2025-08-24T16:12:57","modified_gmt":"2025-08-24T14:12:57","slug":"neupatienten","status":"publish","type":"page","link":"https:\/\/dr-donovalova.de\/altstadtpraxis\/neupatienten\/","title":{"rendered":"Neupatienten"},"content":{"rendered":"\t\t<div data-elementor-type=\"wp-page\" data-elementor-id=\"4860\" class=\"elementor elementor-4860\" data-elementor-post-type=\"page\">\n\t\t\t\t\t\t<section class=\"elementor-section elementor-top-section elementor-element elementor-element-3de85d9 elementor-section-boxed elementor-section-height-default elementor-section-height-default\" data-id=\"3de85d9\" data-element_type=\"section\">\n\t\t\t\t\t\t<div class=\"elementor-container elementor-column-gap-default\">\n\t\t\t\t\t<div class=\"elementor-column elementor-col-100 elementor-top-column elementor-element elementor-element-e3e19a9\" data-id=\"e3e19a9\" data-element_type=\"column\">\n\t\t\t<div class=\"elementor-widget-wrap elementor-element-populated\">\n\t\t\t\t\t\t<div class=\"elementor-element elementor-element-05eed4b elementor-widget elementor-widget-heading\" data-id=\"05eed4b\" data-element_type=\"widget\" data-widget_type=\"heading.default\">\n\t\t\t\t<div class=\"elementor-widget-container\">\n\t\t\t\t\t<h2 class=\"elementor-heading-title elementor-size-default\">Sehr geehrte Patienten.<br><br>Aufgrund unserer aktuellen Auslastung k\u00f6nnen wir derzeit leider keine neuen Patienten aufnehmen.<br><br>Wir bedanken uns f\u00fcr Ihr Verst\u00e4ndnis.\n<\/h2>\t\t\t\t<\/div>\n\t\t\t\t<\/div>\n\t\t\t\t\t<\/div>\n\t\t<\/div>\n\t\t\t\t\t<\/div>\n\t\t<\/section>\n\t\t\t\t<section class=\"elementor-section elementor-top-section elementor-element elementor-element-d4ded2f elementor-section-boxed elementor-section-height-default elementor-section-height-default\" data-id=\"d4ded2f\" data-element_type=\"section\">\n\t\t\t\t\t\t<div class=\"elementor-container elementor-column-gap-default\">\n\t\t\t\t\t<div class=\"elementor-column elementor-col-100 elementor-top-column elementor-element elementor-element-94499dc elementor-hidden-desktop elementor-hidden-tablet elementor-hidden-mobile\" data-id=\"94499dc\" data-element_type=\"column\">\n\t\t\t<div class=\"elementor-widget-wrap elementor-element-populated\">\n\t\t\t\t\t\t<div class=\"elementor-element elementor-element-b3fb585 elementor-widget elementor-widget-heading\" data-id=\"b3fb585\" data-element_type=\"widget\" data-widget_type=\"heading.default\">\n\t\t\t\t<div class=\"elementor-widget-container\">\n\t\t\t\t\t<h2 class=\"elementor-heading-title elementor-size-default\">Neue Patientenaufnahme nur vor Ort\n\n<\/h2>\t\t\t\t<\/div>\n\t\t\t\t<\/div>\n\t\t\t\t<div class=\"elementor-element elementor-element-b1ffb32 elementor-widget elementor-widget-text-editor\" data-id=\"b1ffb32\" data-element_type=\"widget\" data-widget_type=\"text-editor.default\">\n\t\t\t\t<div class=\"elementor-widget-container\">\n\t\t\t\t\t\t\t\t\t<p data-start=\"167\" data-end=\"371\">Liebe Patientinnen und Patienten,<\/p><p data-start=\"167\" data-end=\"371\"><br data-start=\"200\" data-end=\"203\" \/>wir freuen uns \u00fcber Ihr Interesse an unserer haus\u00e4rztlichen Betreuung.<br data-start=\"273\" data-end=\"276\" \/>Aktuell ist die Aufnahme neuer Patienten ausschlie\u00dflich <strong data-start=\"332\" data-end=\"360\">pers\u00f6nlich in der Praxis<\/strong> m\u00f6glich.<\/p><p data-start=\"373\" data-end=\"532\">Bitte kommen Sie w\u00e4hrend unserer Sprechzeiten vorbei, damit wir alle notwendigen Unterlagen gemeinsam ausf\u00fcllen und Ihre Aufnahme sorgf\u00e4ltig besprechen k\u00f6nnen.<\/p><p data-start=\"534\" data-end=\"566\">Vielen Dank f\u00fcr Ihr Verst\u00e4ndnis!<\/p><p data-start=\"568\" data-end=\"602\">Ihr Praxisteam<\/p>\t\t\t\t\t\t\t\t<\/div>\n\t\t\t\t<\/div>\n\t\t\t\t\t<\/div>\n\t\t<\/div>\n\t\t\t\t\t<\/div>\n\t\t<\/section>\n\t\t\t\t<\/div>\n\t\t","protected":false},"excerpt":{"rendered":"<p>Sehr geehrte Patienten. Aufgrund unserer aktuellen Auslastung k\u00f6nnen wir derzeit leider keine neuen Patienten aufnehmen. Wir bedanken uns f\u00fcr Ihr Verst\u00e4ndnis. Neue Patientenaufnahme nur vor Ort Liebe Patientinnen und Patienten, wir freuen uns \u00fcber Ihr Interesse an unserer haus\u00e4rztlichen Betreuung.Aktuell ist die Aufnahme neuer Patienten ausschlie\u00dflich pers\u00f6nlich in der Praxis m\u00f6glich. Bitte kommen Sie w\u00e4hrend [&hellip;]<\/p>\n","protected":false},"author":1,"featured_media":0,"parent":0,"menu_order":0,"comment_status":"closed","ping_status":"closed","template":"elementor_header_footer","meta":{"footnotes":""},"class_list":["post-4860","page","type-page","status-publish","hentry"],"_links":{"self":[{"href":"https:\/\/dr-donovalova.de\/altstadtpraxis\/wp-json\/wp\/v2\/pages\/4860","targetHints":{"allow":["GET"]}}],"collection":[{"href":"https:\/\/dr-donovalova.de\/altstadtpraxis\/wp-json\/wp\/v2\/pages"}],"about":[{"href":"https:\/\/dr-donovalova.de\/altstadtpraxis\/wp-json\/wp\/v2\/types\/page"}],"author":[{"embeddable":true,"href":"https:\/\/dr-donovalova.de\/altstadtpraxis\/wp-json\/wp\/v2\/users\/1"}],"replies":[{"embeddable":true,"href":"https:\/\/dr-donovalova.de\/altstadtpraxis\/wp-json\/wp\/v2\/comments?post=4860"}],"version-history":[{"count":25,"href":"https:\/\/dr-donovalova.de\/altstadtpraxis\/wp-json\/wp\/v2\/pages\/4860\/revisions"}],"predecessor-version":[{"id":5011,"href":"https:\/\/dr-donovalova.de\/altstadtpraxis\/wp-json\/wp\/v2\/pages\/4860\/revisions\/5011"}],"wp:attachment":[{"href":"https:\/\/dr-donovalova.de\/altstadtpraxis\/wp-json\/wp\/v2\/media?parent=4860"}],"curies":[{"name":"wp","href":"https:\/\/api.w.org\/{rel}","templated":true}]}}