{"id":3604,"date":"2022-04-09T14:15:53","date_gmt":"2022-04-09T12:15:53","guid":{"rendered":"https:\/\/dr-donovalova.de\/altstadtpraxis\/?page_id=3604"},"modified":"2025-08-17T19:35:22","modified_gmt":"2025-08-17T17:35:22","slug":"ueber-uns","status":"publish","type":"page","link":"https:\/\/dr-donovalova.de\/altstadtpraxis\/ueber-uns\/","title":{"rendered":"\u00dcber uns"},"content":{"rendered":"\t\t<div data-elementor-type=\"wp-page\" data-elementor-id=\"3604\" class=\"elementor elementor-3604\" data-elementor-post-type=\"page\">\n\t\t\t\t\t\t<section class=\"elementor-section elementor-top-section elementor-element elementor-element-70d6ba67 elementor-section-full_width elementor-section-content-middle elementor-section-height-default elementor-section-height-default\" data-id=\"70d6ba67\" data-element_type=\"section\">\n\t\t\t\t\t\t<div class=\"elementor-container elementor-column-gap-no\">\n\t\t\t\t\t<div class=\"elementor-column elementor-col-33 elementor-top-column elementor-element elementor-element-284ce5\" data-id=\"284ce5\" data-element_type=\"column\">\n\t\t\t<div class=\"elementor-widget-wrap elementor-element-populated\">\n\t\t\t\t\t\t<div class=\"elementor-element elementor-element-37802385 elementor-widget elementor-widget-text-editor\" data-id=\"37802385\" data-element_type=\"widget\" data-widget_type=\"text-editor.default\">\n\t\t\t\t<div class=\"elementor-widget-container\">\n\t\t\t\t\t\t\t\t\t<p>\u00dcber uns<\/p>\t\t\t\t\t\t\t\t<\/div>\n\t\t\t\t<\/div>\n\t\t\t\t<div class=\"elementor-element elementor-element-5f5e3b9 elementor-widget elementor-widget-heading\" data-id=\"5f5e3b9\" data-element_type=\"widget\" data-widget_type=\"heading.default\">\n\t\t\t\t<div class=\"elementor-widget-container\">\n\t\t\t\t\t<h2 class=\"elementor-heading-title elementor-size-default\">dr. med. <br>Alexandra Barthold<br>angetellte \u00c4rztin<\/h2>\t\t\t\t<\/div>\n\t\t\t\t<\/div>\n\t\t\t\t<div class=\"elementor-element elementor-element-3a583ce elementor-widget-divider--view-line elementor-widget elementor-widget-divider\" data-id=\"3a583ce\" data-element_type=\"widget\" data-widget_type=\"divider.default\">\n\t\t\t\t<div class=\"elementor-widget-container\">\n\t\t\t\t\t\t\t<div class=\"elementor-divider\">\n\t\t\t<span class=\"elementor-divider-separator\">\n\t\t\t\t\t\t<\/span>\n\t\t<\/div>\n\t\t\t\t\t\t<\/div>\n\t\t\t\t<\/div>\n\t\t\t\t\t<\/div>\n\t\t<\/div>\n\t\t\t\t<div class=\"elementor-column elementor-col-33 elementor-top-column elementor-element elementor-element-643c709\" data-id=\"643c709\" data-element_type=\"column\" data-settings=\"{&quot;background_background&quot;:&quot;classic&quot;}\">\n\t\t\t<div class=\"elementor-widget-wrap elementor-element-populated\">\n\t\t\t\t\t\t<div class=\"elementor-element elementor-element-742ab10 elementor-widget elementor-widget-text-editor\" data-id=\"742ab10\" data-element_type=\"widget\" data-widget_type=\"text-editor.default\">\n\t\t\t\t<div class=\"elementor-widget-container\">\n\t\t\t\t\t\t\t\t\t<p>Berufliche Laufbahn<\/p>\t\t\t\t\t\t\t\t<\/div>\n\t\t\t\t<\/div>\n\t\t\t\t<div class=\"elementor-element elementor-element-f79c52b elementor-widget elementor-widget-text-editor\" data-id=\"f79c52b\" data-element_type=\"widget\" data-widget_type=\"text-editor.default\">\n\t\t\t\t<div class=\"elementor-widget-container\">\n\t\t\t\t\t\t\t\t\t<p>Die Beziehung zwischen Patient und Arzt sollte von Vertrauen gepr\u00e4gt sein \u2013 daher m\u00f6chte ich mich Ihnen kurz vorstellen.<\/p><p><strong>1999-2003<\/strong><br \/>Grundschule Gornau<\/p><p><strong>2003-2011<\/strong><br \/>Gymnasium Zschopau<\/p><p><strong>2011-2013<\/strong><br \/>Ausbildung Rettungsassistent, Abschluss als Rettungssanit\u00e4ter<\/p><p><strong>2013-2019<\/strong><br \/>Studium der Humanmedizin an der Universit\u00e4t P\u00e9cs<\/p><p><strong>09\/2019-07\/2022<\/strong><br \/>Lausitzer Seendlandklinikum in den Abteilungen Innere Medizin und Orthop\u00e4die\/Unfallchirurgie<\/p><p><strong>10\/2019-06\/2024<\/strong><br \/>Praxis MUDr. Donovalova<\/p><p><strong>06\/2024-01\/25<\/strong><br \/>Mutterschutz bzw. Elternzeit<\/p><p><strong>01\/25-06\/25<\/strong><br \/>Praxis MUDr Donovalova<\/p>\t\t\t\t\t\t\t\t<\/div>\n\t\t\t\t<\/div>\n\t\t\t\t\t<\/div>\n\t\t<\/div>\n\t\t\t\t<div class=\"elementor-column elementor-col-33 elementor-top-column elementor-element elementor-element-563fc167\" data-id=\"563fc167\" data-element_type=\"column\">\n\t\t\t<div class=\"elementor-widget-wrap elementor-element-populated\">\n\t\t\t\t\t\t<div class=\"elementor-element elementor-element-367afce7 elementor-widget elementor-widget-image\" data-id=\"367afce7\" data-element_type=\"widget\" data-widget_type=\"image.default\">\n\t\t\t\t<div class=\"elementor-widget-container\">\n\t\t\t\t\t\t\t\t\t\t\t\t\t\t\t<img decoding=\"async\" src=\"https:\/\/dr-donovalova.de\/altstadtpraxis\/wp-content\/uploads\/sites\/2\/2022\/08\/7000d082-961c-4555-a8de-941520fb9e73.png\" title=\"7000d082-961c-4555-a8de-941520fb9e73\" alt=\"7000d082-961c-4555-a8de-941520fb9e73\" loading=\"lazy\" \/>\t\t\t\t\t\t\t\t\t\t\t\t\t\t\t<\/div>\n\t\t\t\t<\/div>\n\t\t\t\t\t<\/div>\n\t\t<\/div>\n\t\t\t\t\t<\/div>\n\t\t<\/section>\n\t\t\t\t<section class=\"elementor-section elementor-top-section elementor-element elementor-element-7a15e53 elementor-section-full_width elementor-section-content-middle elementor-section-height-default elementor-section-height-default\" data-id=\"7a15e53\" data-element_type=\"section\">\n\t\t\t\t\t\t<div class=\"elementor-container elementor-column-gap-no\">\n\t\t\t\t\t<div class=\"elementor-column elementor-col-50 elementor-top-column elementor-element elementor-element-167147f\" data-id=\"167147f\" data-element_type=\"column\">\n\t\t\t<div class=\"elementor-widget-wrap elementor-element-populated\">\n\t\t\t\t\t\t<div class=\"elementor-element elementor-element-fe38cf2 elementor-widget elementor-widget-text-editor\" data-id=\"fe38cf2\" data-element_type=\"widget\" data-widget_type=\"text-editor.default\">\n\t\t\t\t<div class=\"elementor-widget-container\">\n\t\t\t\t\t\t\t\t\t<p>Medizinische Fachangestellte (MfA)<\/p>\t\t\t\t\t\t\t\t<\/div>\n\t\t\t\t<\/div>\n\t\t\t\t<div class=\"elementor-element elementor-element-c9f8604 elementor-widget elementor-widget-heading\" data-id=\"c9f8604\" data-element_type=\"widget\" data-widget_type=\"heading.default\">\n\t\t\t\t<div class=\"elementor-widget-container\">\n\t\t\t\t\t<h2 class=\"elementor-heading-title elementor-size-default\">Madeline Gabor<\/h2>\t\t\t\t<\/div>\n\t\t\t\t<\/div>\n\t\t\t\t<div class=\"elementor-element elementor-element-7bc0d29 elementor-widget-divider--view-line elementor-widget elementor-widget-divider\" data-id=\"7bc0d29\" data-element_type=\"widget\" data-widget_type=\"divider.default\">\n\t\t\t\t<div class=\"elementor-widget-container\">\n\t\t\t\t\t\t\t<div class=\"elementor-divider\">\n\t\t\t<span class=\"elementor-divider-separator\">\n\t\t\t\t\t\t<\/span>\n\t\t<\/div>\n\t\t\t\t\t\t<\/div>\n\t\t\t\t<\/div>\n\t\t\t\t\t<\/div>\n\t\t<\/div>\n\t\t\t\t<div class=\"elementor-column elementor-col-50 elementor-top-column elementor-element elementor-element-4e764e8\" data-id=\"4e764e8\" data-element_type=\"column\">\n\t\t\t<div class=\"elementor-widget-wrap elementor-element-populated\">\n\t\t\t\t\t\t\t<\/div>\n\t\t<\/div>\n\t\t\t\t\t<\/div>\n\t\t<\/section>\n\t\t\t\t<\/div>\n\t\t","protected":false},"excerpt":{"rendered":"<p>\u00dcber uns dr. med. Alexandra Bartholdangetellte \u00c4rztin Berufliche Laufbahn Die Beziehung zwischen Patient und Arzt sollte von Vertrauen gepr\u00e4gt sein \u2013 daher m\u00f6chte ich mich Ihnen kurz vorstellen. 1999-2003Grundschule Gornau 2003-2011Gymnasium Zschopau 2011-2013Ausbildung Rettungsassistent, Abschluss als Rettungssanit\u00e4ter 2013-2019Studium der Humanmedizin an der Universit\u00e4t P\u00e9cs 09\/2019-07\/2022Lausitzer Seendlandklinikum in den Abteilungen Innere Medizin und Orthop\u00e4die\/Unfallchirurgie 10\/2019-06\/2024Praxis MUDr. [&hellip;]<\/p>\n","protected":false},"author":1,"featured_media":0,"parent":0,"menu_order":0,"comment_status":"closed","ping_status":"closed","template":"elementor_header_footer","meta":{"footnotes":""},"class_list":["post-3604","page","type-page","status-publish","hentry"],"_links":{"self":[{"href":"https:\/\/dr-donovalova.de\/altstadtpraxis\/wp-json\/wp\/v2\/pages\/3604","targetHints":{"allow":["GET"]}}],"collection":[{"href":"https:\/\/dr-donovalova.de\/altstadtpraxis\/wp-json\/wp\/v2\/pages"}],"about":[{"href":"https:\/\/dr-donovalova.de\/altstadtpraxis\/wp-json\/wp\/v2\/types\/page"}],"author":[{"embeddable":true,"href":"https:\/\/dr-donovalova.de\/altstadtpraxis\/wp-json\/wp\/v2\/users\/1"}],"replies":[{"embeddable":true,"href":"https:\/\/dr-donovalova.de\/altstadtpraxis\/wp-json\/wp\/v2\/comments?post=3604"}],"version-history":[{"count":67,"href":"https:\/\/dr-donovalova.de\/altstadtpraxis\/wp-json\/wp\/v2\/pages\/3604\/revisions"}],"predecessor-version":[{"id":4956,"href":"https:\/\/dr-donovalova.de\/altstadtpraxis\/wp-json\/wp\/v2\/pages\/3604\/revisions\/4956"}],"wp:attachment":[{"href":"https:\/\/dr-donovalova.de\/altstadtpraxis\/wp-json\/wp\/v2\/media?parent=3604"}],"curies":[{"name":"wp","href":"https:\/\/api.w.org\/{rel}","templated":true}]}}