{"id":3231,"date":"2022-02-01T13:52:59","date_gmt":"2022-02-01T12:52:59","guid":{"rendered":"https:\/\/dr-donovalova.de\/altstadtpraxis\/?page_id=3231"},"modified":"2025-08-02T13:11:00","modified_gmt":"2025-08-02T11:11:00","slug":"notfall","status":"publish","type":"page","link":"https:\/\/dr-donovalova.de\/altstadtpraxis\/notfall\/","title":{"rendered":"Notfall"},"content":{"rendered":"\t\t<div data-elementor-type=\"wp-page\" data-elementor-id=\"3231\" class=\"elementor elementor-3231\" data-elementor-post-type=\"page\">\n\t\t\t\t\t\t<section class=\"elementor-section elementor-top-section elementor-element elementor-element-55c25013 elementor-section-boxed elementor-section-height-default elementor-section-height-default\" data-id=\"55c25013\" data-element_type=\"section\">\n\t\t\t\t\t\t<div class=\"elementor-container elementor-column-gap-default\">\n\t\t\t\t\t<div class=\"elementor-column elementor-col-50 elementor-top-column elementor-element elementor-element-37d40fff\" data-id=\"37d40fff\" data-element_type=\"column\">\n\t\t\t<div class=\"elementor-widget-wrap elementor-element-populated\">\n\t\t\t\t\t\t<div class=\"elementor-element elementor-element-21f1c91c elementor-widget elementor-widget-image\" data-id=\"21f1c91c\" data-element_type=\"widget\" data-widget_type=\"image.default\">\n\t\t\t\t<div class=\"elementor-widget-container\">\n\t\t\t\t\t\t\t\t\t\t\t\t\t\t\t<img fetchpriority=\"high\" decoding=\"async\" width=\"800\" height=\"482\" src=\"https:\/\/dr-donovalova.de\/altstadtpraxis\/wp-content\/uploads\/sites\/2\/2022\/03\/Donovalova_112-1-1024x617.jpg\" class=\"attachment-large size-large wp-image-3553\" alt=\"\" srcset=\"https:\/\/dr-donovalova.de\/altstadtpraxis\/wp-content\/uploads\/sites\/2\/2022\/03\/Donovalova_112-1-1024x617.jpg 1024w, https:\/\/dr-donovalova.de\/altstadtpraxis\/wp-content\/uploads\/sites\/2\/2022\/03\/Donovalova_112-1-300x181.jpg 300w, https:\/\/dr-donovalova.de\/altstadtpraxis\/wp-content\/uploads\/sites\/2\/2022\/03\/Donovalova_112-1-768x463.jpg 768w, https:\/\/dr-donovalova.de\/altstadtpraxis\/wp-content\/uploads\/sites\/2\/2022\/03\/Donovalova_112-1-1536x925.jpg 1536w, https:\/\/dr-donovalova.de\/altstadtpraxis\/wp-content\/uploads\/sites\/2\/2022\/03\/Donovalova_112-1-2048x1234.jpg 2048w\" sizes=\"(max-width: 800px) 100vw, 800px\" \/>\t\t\t\t\t\t\t\t\t\t\t\t\t\t\t<\/div>\n\t\t\t\t<\/div>\n\t\t\t\t\t<\/div>\n\t\t<\/div>\n\t\t\t\t<div class=\"elementor-column elementor-col-50 elementor-top-column elementor-element elementor-element-66c76c3b\" data-id=\"66c76c3b\" data-element_type=\"column\">\n\t\t\t<div class=\"elementor-widget-wrap elementor-element-populated\">\n\t\t\t\t\t\t<div class=\"elementor-element elementor-element-cf9b273 elementor-widget elementor-widget-heading\" data-id=\"cf9b273\" data-element_type=\"widget\" data-widget_type=\"heading.default\">\n\t\t\t\t<div class=\"elementor-widget-container\">\n\t\t\t\t\t<h2 class=\"elementor-heading-title elementor-size-default\">Medizinische Hilfe au\u00dferhalb \nder Hausarzt-Sprechzeiten<\/h2>\t\t\t\t<\/div>\n\t\t\t\t<\/div>\n\t\t\t\t<div class=\"elementor-element elementor-element-c3862f0 elementor-widget elementor-widget-text-editor\" data-id=\"c3862f0\" data-element_type=\"widget\" data-widget_type=\"text-editor.default\">\n\t\t\t\t<div class=\"elementor-widget-container\">\n\t\t\t\t\t\t\t\t\t<div id=\"cc-m-7223993081\" class=\"j-module n j-hgrid \"><div class=\"cc-m-hgrid-column\"><div id=\"cc-matrix-1735644081\"><div id=\"cc-m-7223994281\" class=\"j-module n j-text \"><p>Wenn Sie nachts, am Wochenende oder an Feiertagen einen \u00e4rztlichen Hausbesuch ben\u00f6tigen, wenden Sie sich bitte an den \u00c4rztlichen Bereitschaftsdienst unter der Telefonnummer 116 117.\u00a0<\/p><\/div><div id=\"cc-m-7223994381\" class=\"j-module n j-text \"><p>Im akuten medizinischen Notfall (also bei Herz-Kreislauf-Beschwerden, Luftnot oder St\u00f6rungen im Nervensystem) und bei lebensbedrohlichen Erkrankungen ist jederzeit die Rettungs-Leitstelle (Notarzt) unter Telefon 112 zust\u00e4ndig.<\/p><\/div><\/div><\/div><\/div>\t\t\t\t\t\t\t\t<\/div>\n\t\t\t\t<\/div>\n\t\t\t\t\t<\/div>\n\t\t<\/div>\n\t\t\t\t\t<\/div>\n\t\t<\/section>\n\t\t\t\t<section class=\"elementor-section elementor-top-section elementor-element elementor-element-813f321 elementor-section-boxed elementor-section-height-default elementor-section-height-default\" data-id=\"813f321\" data-element_type=\"section\">\n\t\t\t\t\t\t<div class=\"elementor-container elementor-column-gap-default\">\n\t\t\t\t\t<div class=\"elementor-column elementor-col-25 elementor-top-column elementor-element elementor-element-d9d09f0\" data-id=\"d9d09f0\" data-element_type=\"column\" data-settings=\"{&quot;background_background&quot;:&quot;classic&quot;}\">\n\t\t\t<div class=\"elementor-widget-wrap elementor-element-populated\">\n\t\t\t\t\t\t<div class=\"elementor-element elementor-element-5d1171ea elementor-widget elementor-widget-text-editor\" data-id=\"5d1171ea\" data-element_type=\"widget\" data-widget_type=\"text-editor.default\">\n\t\t\t\t<div class=\"elementor-widget-container\">\n\t\t\t\t\t\t\t\t\t<p>\u00c4rztlicher Bereitschaftsdienst<\/p>\t\t\t\t\t\t\t\t<\/div>\n\t\t\t\t<\/div>\n\t\t\t\t<div class=\"elementor-element elementor-element-396dac74 elementor-widget elementor-widget-text-editor\" data-id=\"396dac74\" data-element_type=\"widget\" data-widget_type=\"text-editor.default\">\n\t\t\t\t<div class=\"elementor-widget-container\">\n\t\t\t\t\t\t\t\t\t116117\t\t\t\t\t\t\t\t<\/div>\n\t\t\t\t<\/div>\n\t\t\t\t\t<\/div>\n\t\t<\/div>\n\t\t\t\t<div class=\"elementor-column elementor-col-25 elementor-top-column elementor-element elementor-element-75d6345\" data-id=\"75d6345\" data-element_type=\"column\">\n\t\t\t<div class=\"elementor-widget-wrap elementor-element-populated\">\n\t\t\t\t\t\t<div class=\"elementor-element elementor-element-5888ce20 elementor-widget elementor-widget-text-editor\" data-id=\"5888ce20\" data-element_type=\"widget\" data-widget_type=\"text-editor.default\">\n\t\t\t\t<div class=\"elementor-widget-container\">\n\t\t\t\t\t\t\t\t\t<p>Rettungsleitstelle (Notarzt)<\/p>\t\t\t\t\t\t\t\t<\/div>\n\t\t\t\t<\/div>\n\t\t\t\t<div class=\"elementor-element elementor-element-3abf583 elementor-widget elementor-widget-text-editor\" data-id=\"3abf583\" data-element_type=\"widget\" data-widget_type=\"text-editor.default\">\n\t\t\t\t<div class=\"elementor-widget-container\">\n\t\t\t\t\t\t\t\t\t<p>112<\/p>\t\t\t\t\t\t\t\t<\/div>\n\t\t\t\t<\/div>\n\t\t\t\t\t<\/div>\n\t\t<\/div>\n\t\t\t\t<div class=\"elementor-column elementor-col-25 elementor-top-column elementor-element elementor-element-be8f782\" data-id=\"be8f782\" data-element_type=\"column\" data-settings=\"{&quot;background_background&quot;:&quot;classic&quot;}\">\n\t\t\t<div class=\"elementor-widget-wrap elementor-element-populated\">\n\t\t\t\t\t\t<div class=\"elementor-element elementor-element-be2e061 elementor-widget elementor-widget-text-editor\" data-id=\"be2e061\" data-element_type=\"widget\" data-widget_type=\"text-editor.default\">\n\t\t\t\t<div class=\"elementor-widget-container\">\n\t\t\t\t\t\t\t\t\t<p>Zahn\u00e4rztlicher Notdienst<\/p>\t\t\t\t\t\t\t\t<\/div>\n\t\t\t\t<\/div>\n\t\t\t\t<div class=\"elementor-element elementor-element-7f016681 elementor-widget elementor-widget-text-editor\" data-id=\"7f016681\" data-element_type=\"widget\" data-widget_type=\"text-editor.default\">\n\t\t\t\t<div class=\"elementor-widget-container\">\n\t\t\t\t\t\t\t\t\t<p><a title=\"https:\/\/www.zahnaerzte-in-sachsen.de\/app\/patienten\/notfalldienst\/ort\/Hoyerswerda,%20Stadt\/list\" href=\"https:\/\/www.zahnaerzte-in-sachsen.de\/app\/patienten\/notfalldienst\/ort\/Hoyerswerda,%20Stadt\/list\" target=\"_blank\" rel=\"noopener\">www.zahnaerzte-in-sachsen.de<\/a><\/p>\t\t\t\t\t\t\t\t<\/div>\n\t\t\t\t<\/div>\n\t\t\t\t\t<\/div>\n\t\t<\/div>\n\t\t\t\t<div class=\"elementor-column elementor-col-25 elementor-top-column elementor-element elementor-element-0b99c98\" data-id=\"0b99c98\" data-element_type=\"column\">\n\t\t\t<div class=\"elementor-widget-wrap elementor-element-populated\">\n\t\t\t\t\t\t<div class=\"elementor-element elementor-element-faf7f2b elementor-widget elementor-widget-text-editor\" data-id=\"faf7f2b\" data-element_type=\"widget\" data-widget_type=\"text-editor.default\">\n\t\t\t\t<div class=\"elementor-widget-container\">\n\t\t\t\t\t\t\t\t\t<p>\u00a0Bereitschaftsapotheke<\/p>\t\t\t\t\t\t\t\t<\/div>\n\t\t\t\t<\/div>\n\t\t\t\t<div class=\"elementor-element elementor-element-375d1bf elementor-widget elementor-widget-text-editor\" data-id=\"375d1bf\" data-element_type=\"widget\" data-widget_type=\"text-editor.default\">\n\t\t\t\t<div class=\"elementor-widget-container\">\n\t\t\t\t\t\t\t\t\t<p><span style=\"background-color: rgba(0, 15, 137, 0);\">\u00a0<\/span><a title=\"https:\/\/www.aponet.de\/service\/notdienstapotheke-finden\/suchergebnis\/0\/02977.html\" href=\"https:\/\/www.aponet.de\/service\/notdienstapotheke-finden\/suchergebnis\/0\/02977.html\" target=\"_blank\" rel=\"noopener\">www.aponet.de<\/a><\/p>\t\t\t\t\t\t\t\t<\/div>\n\t\t\t\t<\/div>\n\t\t\t\t\t<\/div>\n\t\t<\/div>\n\t\t\t\t\t<\/div>\n\t\t<\/section>\n\t\t\t\t<section class=\"elementor-section elementor-top-section elementor-element elementor-element-71a55731 elementor-section-height-min-height elementor-section-boxed elementor-section-height-default elementor-section-items-middle\" data-id=\"71a55731\" data-element_type=\"section\" data-settings=\"{&quot;background_background&quot;:&quot;classic&quot;}\">\n\t\t\t\t\t\t\t<div class=\"elementor-background-overlay\"><\/div>\n\t\t\t\t\t\t\t<div class=\"elementor-container elementor-column-gap-default\">\n\t\t\t\t\t<div class=\"elementor-column elementor-col-100 elementor-top-column elementor-element elementor-element-6188f13c\" data-id=\"6188f13c\" data-element_type=\"column\">\n\t\t\t<div class=\"elementor-widget-wrap elementor-element-populated\">\n\t\t\t\t\t\t<div class=\"elementor-element elementor-element-10f4e7f6 elementor-widget elementor-widget-heading\" data-id=\"10f4e7f6\" data-element_type=\"widget\" data-widget_type=\"heading.default\">\n\t\t\t\t<div class=\"elementor-widget-container\">\n\t\t\t\t\t<h2 class=\"elementor-heading-title elementor-size-default\">GEMEINSAM F\u00dcR  IHRE GESUNDHEIT<\/h2>\t\t\t\t<\/div>\n\t\t\t\t<\/div>\n\t\t\t\t<div class=\"elementor-element elementor-element-48ec3556 elementor-widget elementor-widget-text-editor\" data-id=\"48ec3556\" data-element_type=\"widget\" data-widget_type=\"text-editor.default\">\n\t\t\t\t<div class=\"elementor-widget-container\">\n\t\t\t\t\t\t\t\t\t<p>Altstadtpraixs MUDr. Viera Donovalova<\/p>\t\t\t\t\t\t\t\t<\/div>\n\t\t\t\t<\/div>\n\t\t\t\t<div class=\"elementor-element elementor-element-5ed9cfde elementor-align-center elementor-widget elementor-widget-button\" data-id=\"5ed9cfde\" data-element_type=\"widget\" data-widget_type=\"button.default\">\n\t\t\t\t<div class=\"elementor-widget-container\">\n\t\t\t\t\t\t\t\t\t<div class=\"elementor-button-wrapper\">\n\t\t\t\t\t<a class=\"elementor-button elementor-button-link elementor-size-md\" href=\"https:\/\/dr-donovalova.de\/altstadtpraxis\/termin\/\">\n\t\t\t\t\t\t<span class=\"elementor-button-content-wrapper\">\n\t\t\t\t\t\t\t\t\t<span class=\"elementor-button-text\">Termin<\/span>\n\t\t\t\t\t<\/span>\n\t\t\t\t\t<\/a>\n\t\t\t\t<\/div>\n\t\t\t\t\t\t\t\t<\/div>\n\t\t\t\t<\/div>\n\t\t\t\t\t<\/div>\n\t\t<\/div>\n\t\t\t\t\t<\/div>\n\t\t<\/section>\n\t\t\t\t<\/div>\n\t\t","protected":false},"excerpt":{"rendered":"<p>Medizinische Hilfe au\u00dferhalb der Hausarzt-Sprechzeiten Wenn Sie nachts, am Wochenende oder an Feiertagen einen \u00e4rztlichen Hausbesuch ben\u00f6tigen, wenden Sie sich bitte an den \u00c4rztlichen Bereitschaftsdienst unter der Telefonnummer 116 117.\u00a0 Im akuten medizinischen Notfall (also bei Herz-Kreislauf-Beschwerden, Luftnot oder St\u00f6rungen im Nervensystem) und bei lebensbedrohlichen Erkrankungen ist jederzeit die Rettungs-Leitstelle (Notarzt) unter Telefon 112 zust\u00e4ndig. [&hellip;]<\/p>\n","protected":false},"author":1,"featured_media":0,"parent":0,"menu_order":0,"comment_status":"closed","ping_status":"closed","template":"elementor_header_footer","meta":{"footnotes":""},"class_list":["post-3231","page","type-page","status-publish","hentry"],"_links":{"self":[{"href":"https:\/\/dr-donovalova.de\/altstadtpraxis\/wp-json\/wp\/v2\/pages\/3231","targetHints":{"allow":["GET"]}}],"collection":[{"href":"https:\/\/dr-donovalova.de\/altstadtpraxis\/wp-json\/wp\/v2\/pages"}],"about":[{"href":"https:\/\/dr-donovalova.de\/altstadtpraxis\/wp-json\/wp\/v2\/types\/page"}],"author":[{"embeddable":true,"href":"https:\/\/dr-donovalova.de\/altstadtpraxis\/wp-json\/wp\/v2\/users\/1"}],"replies":[{"embeddable":true,"href":"https:\/\/dr-donovalova.de\/altstadtpraxis\/wp-json\/wp\/v2\/comments?post=3231"}],"version-history":[{"count":57,"href":"https:\/\/dr-donovalova.de\/altstadtpraxis\/wp-json\/wp\/v2\/pages\/3231\/revisions"}],"predecessor-version":[{"id":4921,"href":"https:\/\/dr-donovalova.de\/altstadtpraxis\/wp-json\/wp\/v2\/pages\/3231\/revisions\/4921"}],"wp:attachment":[{"href":"https:\/\/dr-donovalova.de\/altstadtpraxis\/wp-json\/wp\/v2\/media?parent=3231"}],"curies":[{"name":"wp","href":"https:\/\/api.w.org\/{rel}","templated":true}]}}