{"id":3172,"date":"2022-01-31T14:15:54","date_gmt":"2022-01-31T13:15:54","guid":{"rendered":"https:\/\/dr-donovalova.de\/altstadtpraxis\/?page_id=3172"},"modified":"2025-08-02T12:54:05","modified_gmt":"2025-08-02T10:54:05","slug":"anfahrt","status":"publish","type":"page","link":"https:\/\/dr-donovalova.de\/altstadtpraxis\/anfahrt\/","title":{"rendered":"Anfahrt"},"content":{"rendered":"\t\t<div data-elementor-type=\"wp-page\" data-elementor-id=\"3172\" class=\"elementor elementor-3172\" data-elementor-post-type=\"page\">\n\t\t\t\t\t\t<section class=\"elementor-section elementor-top-section elementor-element elementor-element-e7c7b69 elementor-section-boxed elementor-section-height-default elementor-section-height-default\" data-id=\"e7c7b69\" data-element_type=\"section\">\n\t\t\t\t\t\t<div class=\"elementor-container elementor-column-gap-default\">\n\t\t\t\t\t<div class=\"elementor-column elementor-col-100 elementor-top-column elementor-element elementor-element-d266514\" data-id=\"d266514\" data-element_type=\"column\">\n\t\t\t<div class=\"elementor-widget-wrap elementor-element-populated\">\n\t\t\t\t\t\t<div class=\"elementor-element elementor-element-ded53dc elementor-widget elementor-widget-heading\" data-id=\"ded53dc\" data-element_type=\"widget\" data-widget_type=\"heading.default\">\n\t\t\t\t<div class=\"elementor-widget-container\">\n\t\t\t\t\t<h2 class=\"elementor-heading-title elementor-size-default\">Schnell und bequem in unsere Praxis<\/h2>\t\t\t\t<\/div>\n\t\t\t\t<\/div>\n\t\t\t\t\t<\/div>\n\t\t<\/div>\n\t\t\t\t\t<\/div>\n\t\t<\/section>\n\t\t\t\t<section class=\"elementor-section elementor-top-section elementor-element elementor-element-6ca6345f elementor-section-boxed elementor-section-height-default elementor-section-height-default\" data-id=\"6ca6345f\" data-element_type=\"section\">\n\t\t\t\t\t\t<div class=\"elementor-container elementor-column-gap-default\">\n\t\t\t\t\t<div class=\"elementor-column elementor-col-50 elementor-top-column elementor-element elementor-element-6f58a122\" data-id=\"6f58a122\" data-element_type=\"column\">\n\t\t\t<div class=\"elementor-widget-wrap elementor-element-populated\">\n\t\t\t\t\t\t<div class=\"elementor-element elementor-element-704a407b elementor-widget elementor-widget-image\" data-id=\"704a407b\" data-element_type=\"widget\" data-widget_type=\"image.default\">\n\t\t\t\t<div class=\"elementor-widget-container\">\n\t\t\t\t\t\t\t\t\t\t\t\t\t\t\t<img fetchpriority=\"high\" decoding=\"async\" width=\"800\" height=\"450\" src=\"https:\/\/dr-donovalova.de\/altstadtpraxis\/wp-content\/uploads\/sites\/2\/2025\/08\/Donovalova_5-1024x576.jpg\" class=\"attachment-large size-large wp-image-4886\" alt=\"\" srcset=\"https:\/\/dr-donovalova.de\/altstadtpraxis\/wp-content\/uploads\/sites\/2\/2025\/08\/Donovalova_5-1024x576.jpg 1024w, https:\/\/dr-donovalova.de\/altstadtpraxis\/wp-content\/uploads\/sites\/2\/2025\/08\/Donovalova_5-300x169.jpg 300w, https:\/\/dr-donovalova.de\/altstadtpraxis\/wp-content\/uploads\/sites\/2\/2025\/08\/Donovalova_5-768x432.jpg 768w, https:\/\/dr-donovalova.de\/altstadtpraxis\/wp-content\/uploads\/sites\/2\/2025\/08\/Donovalova_5-1536x864.jpg 1536w, https:\/\/dr-donovalova.de\/altstadtpraxis\/wp-content\/uploads\/sites\/2\/2025\/08\/Donovalova_5-2048x1152.jpg 2048w\" sizes=\"(max-width: 800px) 100vw, 800px\" \/>\t\t\t\t\t\t\t\t\t\t\t\t\t\t\t<\/div>\n\t\t\t\t<\/div>\n\t\t\t\t<div class=\"elementor-element elementor-element-314e72df elementor-widget elementor-widget-text-editor\" data-id=\"314e72df\" data-element_type=\"widget\" data-widget_type=\"text-editor.default\">\n\t\t\t\t<div class=\"elementor-widget-container\">\n\t\t\t\t\t\t\t\t\t<p><strong>Mitten <\/strong><b>in<\/b><strong> der Altstadt von Hoyerswerda<\/strong><\/p>\t\t\t\t\t\t\t\t<\/div>\n\t\t\t\t<\/div>\n\t\t\t\t\t<\/div>\n\t\t<\/div>\n\t\t\t\t<div class=\"elementor-column elementor-col-50 elementor-top-column elementor-element elementor-element-7325b48b\" data-id=\"7325b48b\" data-element_type=\"column\">\n\t\t\t<div class=\"elementor-widget-wrap elementor-element-populated\">\n\t\t\t\t\t\t<div class=\"elementor-element elementor-element-319d9455 elementor-widget elementor-widget-text-editor\" data-id=\"319d9455\" data-element_type=\"widget\" data-widget_type=\"text-editor.default\">\n\t\t\t\t<div class=\"elementor-widget-container\">\n\t\t\t\t\t\t\t\t\t<div id=\"cc-m-7223993081\" class=\"j-module n j-hgrid \"><p>Unsere Praxisr\u00e4ume befinden sich im \u00c4rztehaus auf der Kirchstra\u00dfe mitten im Herzen der Altstadt von Hoyerswerda gegen\u00fcber der Kirche.\u00a0<\/p><div class=\"cc-m-hgrid-column\"><div id=\"cc-matrix-1735644081\"><div id=\"cc-m-7223994281\" class=\"j-module n j-text \"><div id=\"cc-m-7223993081\" class=\"j-module n j-hgrid \"><div class=\"cc-m-hgrid-column\"><div id=\"cc-matrix-1735644081\"><div id=\"cc-m-7225195581\" class=\"j-module n j-spacing \"><div class=\"cc-m-spacer\"><strong>Mit dem Bus<\/strong><\/div><\/div><div id=\"cc-m-7225185381\" class=\"j-module n j-text \"><p>Sie erreichen uns bequem mit dem Bus \u00fcber die Haltestelle \u201eKirchstra\u00dfe\u201c. Sie k\u00f6nnen auch die Haltestellen &#8222;Schulstra\u00dfe&#8220; (Buslinien 1 und 4)\u00a0 benutzen.\u00a0<\/p><\/div><\/div><\/div><div class=\"cc-m-hgrid-separator\" data-display=\"cms-only\">\u00a0<\/div><\/div><div id=\"cc-m-7225192781\" class=\"j-module n j-header \"><p id=\"cc-m-header-7225192781\"><strong>MIT DEM AUTO<br \/><\/strong>Parkpl\u00e4tze mit zeitlicher Beschr\u00e4nkung finden Sie direkt vor der Praxis.<\/p><\/div><div id=\"cc-m-7225195981\" class=\"j-module n j-spacing \"><div class=\"cc-m-spacer\">\u00a0<\/div><\/div><div id=\"cc-m-7225195481\" class=\"j-module n j-header \"><p id=\"cc-m-header-7225195481\"><strong>BARRIEREFREIHEIT<br \/><\/strong>Die Praxisr\u00e4ume befinden sich im\u00a0 1. Obergeschoss und sind komplett barrierefrei. Behinderten-\/Parkpl\u00e4tze sind direkt vor derPraxis vorhanden.<\/p><\/div><\/div><\/div><\/div><\/div>\t\t\t\t\t\t\t\t<\/div>\n\t\t\t\t<\/div>\n\t\t\t\t\t<\/div>\n\t\t<\/div>\n\t\t\t\t\t<\/div>\n\t\t<\/section>\n\t\t\t\t<section class=\"elementor-section elementor-top-section elementor-element elementor-element-8bd6fdc elementor-section-boxed elementor-section-height-default elementor-section-height-default\" data-id=\"8bd6fdc\" data-element_type=\"section\">\n\t\t\t\t\t\t<div class=\"elementor-container elementor-column-gap-default\">\n\t\t\t\t\t<div class=\"elementor-column elementor-col-100 elementor-top-column elementor-element elementor-element-a20a443\" data-id=\"a20a443\" data-element_type=\"column\">\n\t\t\t<div class=\"elementor-widget-wrap elementor-element-populated\">\n\t\t\t\t\t\t<div class=\"elementor-element elementor-element-c567154 elementor-widget elementor-widget-google_maps\" data-id=\"c567154\" data-element_type=\"widget\" data-widget_type=\"google_maps.default\">\n\t\t\t\t<div class=\"elementor-widget-container\">\n\t\t\t\t\t\t\t<div class=\"elementor-custom-embed\">\n\t\t\t<iframe loading=\"lazy\"\n\t\t\t\t\tsrc=\"https:\/\/maps.google.com\/maps?q=kirchstra%C3%9Fe%2017%2C%2002977%20Hoyerswerda&#038;t=m&#038;z=10&#038;output=embed&#038;iwloc=near\"\n\t\t\t\t\ttitle=\"kirchstra\u00dfe 17, 02977 Hoyerswerda\"\n\t\t\t\t\taria-label=\"kirchstra\u00dfe 17, 02977 Hoyerswerda\"\n\t\t\t><\/iframe>\n\t\t<\/div>\n\t\t\t\t\t\t<\/div>\n\t\t\t\t<\/div>\n\t\t\t\t\t<\/div>\n\t\t<\/div>\n\t\t\t\t\t<\/div>\n\t\t<\/section>\n\t\t\t\t<\/div>\n\t\t","protected":false},"excerpt":{"rendered":"<p>Schnell und bequem in unsere Praxis Mitten in der Altstadt von Hoyerswerda Unsere Praxisr\u00e4ume befinden sich im \u00c4rztehaus auf der Kirchstra\u00dfe mitten im Herzen der Altstadt von Hoyerswerda gegen\u00fcber der Kirche.\u00a0 Mit dem Bus Sie erreichen uns bequem mit dem Bus \u00fcber die Haltestelle \u201eKirchstra\u00dfe\u201c. Sie k\u00f6nnen auch die Haltestellen &#8222;Schulstra\u00dfe&#8220; (Buslinien 1 und 4)\u00a0 [&hellip;]<\/p>\n","protected":false},"author":1,"featured_media":0,"parent":0,"menu_order":0,"comment_status":"closed","ping_status":"closed","template":"elementor_header_footer","meta":{"footnotes":""},"class_list":["post-3172","page","type-page","status-publish","hentry"],"_links":{"self":[{"href":"https:\/\/dr-donovalova.de\/altstadtpraxis\/wp-json\/wp\/v2\/pages\/3172","targetHints":{"allow":["GET"]}}],"collection":[{"href":"https:\/\/dr-donovalova.de\/altstadtpraxis\/wp-json\/wp\/v2\/pages"}],"about":[{"href":"https:\/\/dr-donovalova.de\/altstadtpraxis\/wp-json\/wp\/v2\/types\/page"}],"author":[{"embeddable":true,"href":"https:\/\/dr-donovalova.de\/altstadtpraxis\/wp-json\/wp\/v2\/users\/1"}],"replies":[{"embeddable":true,"href":"https:\/\/dr-donovalova.de\/altstadtpraxis\/wp-json\/wp\/v2\/comments?post=3172"}],"version-history":[{"count":84,"href":"https:\/\/dr-donovalova.de\/altstadtpraxis\/wp-json\/wp\/v2\/pages\/3172\/revisions"}],"predecessor-version":[{"id":4911,"href":"https:\/\/dr-donovalova.de\/altstadtpraxis\/wp-json\/wp\/v2\/pages\/3172\/revisions\/4911"}],"wp:attachment":[{"href":"https:\/\/dr-donovalova.de\/altstadtpraxis\/wp-json\/wp\/v2\/media?parent=3172"}],"curies":[{"name":"wp","href":"https:\/\/api.w.org\/{rel}","templated":true}]}}