{"id":2835,"date":"2022-01-27T08:43:50","date_gmt":"2022-01-27T07:43:50","guid":{"rendered":"https:\/\/dr-donovalova.de\/altstadtpraxis\/?page_id=2835"},"modified":"2022-05-27T15:09:01","modified_gmt":"2022-05-27T13:09:01","slug":"impressum","status":"publish","type":"page","link":"https:\/\/dr-donovalova.de\/altstadtpraxis\/impressum\/","title":{"rendered":"Impressum"},"content":{"rendered":"\t\t<div data-elementor-type=\"wp-page\" data-elementor-id=\"2835\" class=\"elementor elementor-2835\" data-elementor-post-type=\"page\">\n\t\t\t\t\t\t<section class=\"elementor-section elementor-top-section elementor-element elementor-element-1a4a014 elementor-section-boxed elementor-section-height-default elementor-section-height-default\" data-id=\"1a4a014\" data-element_type=\"section\" data-settings=\"{&quot;background_background&quot;:&quot;classic&quot;}\">\n\t\t\t\t\t\t<div class=\"elementor-container elementor-column-gap-default\">\n\t\t\t\t\t<div class=\"elementor-column elementor-col-100 elementor-top-column elementor-element elementor-element-af1b819\" data-id=\"af1b819\" data-element_type=\"column\">\n\t\t\t<div class=\"elementor-widget-wrap elementor-element-populated\">\n\t\t\t\t\t\t<div class=\"elementor-element elementor-element-77ddb79 elementor-widget elementor-widget-spacer\" data-id=\"77ddb79\" data-element_type=\"widget\" data-widget_type=\"spacer.default\">\n\t\t\t\t<div class=\"elementor-widget-container\">\n\t\t\t\t\t\t\t<div class=\"elementor-spacer\">\n\t\t\t<div class=\"elementor-spacer-inner\"><\/div>\n\t\t<\/div>\n\t\t\t\t\t\t<\/div>\n\t\t\t\t<\/div>\n\t\t\t\t<div class=\"elementor-element elementor-element-56c4637 elementor-widget elementor-widget-heading\" data-id=\"56c4637\" data-element_type=\"widget\" data-widget_type=\"heading.default\">\n\t\t\t\t<div class=\"elementor-widget-container\">\n\t\t\t\t\t<h2 class=\"elementor-heading-title elementor-size-default\">Impressum<\/h2>\t\t\t\t<\/div>\n\t\t\t\t<\/div>\n\t\t\t\t<div class=\"elementor-element elementor-element-df6c4a7 elementor-widget elementor-widget-spacer\" data-id=\"df6c4a7\" data-element_type=\"widget\" data-widget_type=\"spacer.default\">\n\t\t\t\t<div class=\"elementor-widget-container\">\n\t\t\t\t\t\t\t<div class=\"elementor-spacer\">\n\t\t\t<div class=\"elementor-spacer-inner\"><\/div>\n\t\t<\/div>\n\t\t\t\t\t\t<\/div>\n\t\t\t\t<\/div>\n\t\t\t\t\t<\/div>\n\t\t<\/div>\n\t\t\t\t\t<\/div>\n\t\t<\/section>\n\t\t\t\t<section class=\"elementor-section elementor-top-section elementor-element elementor-element-31e1272 elementor-section-boxed elementor-section-height-default elementor-section-height-default\" data-id=\"31e1272\" data-element_type=\"section\" data-settings=\"{&quot;background_background&quot;:&quot;classic&quot;}\">\n\t\t\t\t\t\t<div class=\"elementor-container elementor-column-gap-default\">\n\t\t\t\t\t<div class=\"elementor-column elementor-col-50 elementor-top-column elementor-element elementor-element-3420ef9\" data-id=\"3420ef9\" data-element_type=\"column\">\n\t\t\t<div class=\"elementor-widget-wrap elementor-element-populated\">\n\t\t\t\t\t\t<div class=\"elementor-element elementor-element-bb76a22 elementor-widget elementor-widget-text-editor\" data-id=\"bb76a22\" data-element_type=\"widget\" data-widget_type=\"text-editor.default\">\n\t\t\t\t<div class=\"elementor-widget-container\">\n\t\t\t\t\t\t\t\t\t<p><strong>Verantwortlich\u00a0f\u00fcr die Inhalte dieser Webseiten (gem\u00e4\u00df \u00a7 10 Abs. 3 MDStV)<\/strong><\/p><p>MUDr. Viera Donovalova<br \/>Frederic-Joliot-Curie-Stra\u00dfe 39<br \/>02977 Hoyerswerda (Deutschland)<br \/>Telefon (0 35 71) 40 64 49<\/p><p><b>Gesetzliche Berufsbezeichnung<br \/><\/b>Arzt (MUDr. \u2013 medicinae universae doctor \u2013 Doktor der Medizin)<br \/>Berufsrechtliche Regelungen: Berufsordnung f\u00fcr \u00c4rzte<br \/>Approbation verliehen in\u00a0Prag, Tschechien<\/p>\t\t\t\t\t\t\t\t<\/div>\n\t\t\t\t<\/div>\n\t\t\t\t\t<\/div>\n\t\t<\/div>\n\t\t\t\t<div class=\"elementor-column elementor-col-50 elementor-top-column elementor-element elementor-element-6ef614d\" data-id=\"6ef614d\" data-element_type=\"column\">\n\t\t\t<div class=\"elementor-widget-wrap elementor-element-populated\">\n\t\t\t\t\t\t<div class=\"elementor-element elementor-element-d0cac49 elementor-widget elementor-widget-text-editor\" data-id=\"d0cac49\" data-element_type=\"widget\" data-widget_type=\"text-editor.default\">\n\t\t\t\t<div class=\"elementor-widget-container\">\n\t\t\t\t\t\t\t\t\t<p><strong>Zust\u00e4ndige \u00c4rztekammer<\/strong><br \/>Landes\u00e4rztekammer Sachsen<br \/>Sch\u00fctzenh\u00f6he 16<br \/>01099 Dresden<br \/>(03 51) 82 67 &#8211; 0<br \/>www.slaek.de<\/p><p><strong>Kassen\u00e4rztliche Vereinigung<\/strong><br \/>Kassen\u00e4rztlichen Vereinigung Sachsen<br \/>Sch\u00fctzenh\u00f6he 12<br \/>01099 Dresden<br \/>(03 31) 8 29 05 &#8211; 0<br \/>www.kvs-sachsen.de<\/p>\t\t\t\t\t\t\t\t<\/div>\n\t\t\t\t<\/div>\n\t\t\t\t\t<\/div>\n\t\t<\/div>\n\t\t\t\t\t<\/div>\n\t\t<\/section>\n\t\t\t\t<section class=\"elementor-section elementor-top-section elementor-element elementor-element-ae4d529 elementor-section-boxed elementor-section-height-default elementor-section-height-default\" data-id=\"ae4d529\" data-element_type=\"section\" data-settings=\"{&quot;background_background&quot;:&quot;classic&quot;}\">\n\t\t\t\t\t\t<div class=\"elementor-container elementor-column-gap-default\">\n\t\t\t\t\t<div class=\"elementor-column elementor-col-100 elementor-top-column elementor-element elementor-element-45d98a5\" data-id=\"45d98a5\" data-element_type=\"column\">\n\t\t\t<div class=\"elementor-widget-wrap elementor-element-populated\">\n\t\t\t\t\t\t<div class=\"elementor-element elementor-element-12d1d20 elementor-widget elementor-widget-text-editor\" data-id=\"12d1d20\" data-element_type=\"widget\" data-widget_type=\"text-editor.default\">\n\t\t\t\t<div class=\"elementor-widget-container\">\n\t\t\t\t\t\t\t\t\t<p><b style=\"color: var( --e-global-color-text ); font-family: var( --e-global-typography-text-font-family ), Sans-serif; background-color: var( --e-global-color-0d5a3d5 ); font-size: 1rem;\">Inhalt des Onlineangebotes<br \/><\/b><span style=\"background-color: var( --e-global-color-0d5a3d5 ); color: var( --e-global-color-text ); font-family: var( --e-global-typography-text-font-family ), Sans-serif; font-size: 1rem; font-weight: var( --e-global-typography-text-font-weight );\">Die Praxis MUDr. Viera Donovalova \u00fcbernimmt keinerlei Gew\u00e4hr f\u00fcr die Aktualit\u00e4t, Korrektheit, Vollst\u00e4ndigkeit oder Qualit\u00e4t der bereitgestellten Informationen. Haftungsanspr\u00fcche gegen die Praxis MUDr. Viera Donovalova, welche sich auf Sch\u00e4den materieller oder ideeller Art beziehen, die durch die Nutzung oder Nichtnutzung der dargebotenen Informationen bzw. durch die Nutzung fehlerhafter und unvollst\u00e4ndiger Informationen verursacht wurden, sind grunds\u00e4tzlich ausgeschlossen, sofern seitens der Praxis MUDr. Viera Donovalova kein nachweislich vors\u00e4tzliches oder grob fahrl\u00e4ssiges Verschulden vorliegt. Die Praxis MUDr. Viera Donovalova beh\u00e4lt es sich ausdr\u00fccklich vor, Teile der Seiten oder das gesamte Angebot ohne gesonderte Ank\u00fcndigung zu ver\u00e4ndern, zu erg\u00e4nzen, zu l\u00f6schen oder die Ver\u00f6ffentlichung zeitweise oder endg\u00fcltig einzustellen.<\/span><\/p><p><strong>Verweise und Links<\/strong><br \/>Bei direkten oder indirekten Verweisen auf fremde Webseiten (&#8222;Hyperlinks&#8220;), die au\u00dferhalb des Verantwortungsbereiches der Praxis MUDr. Viera Donovalova liegen, w\u00fcrde eine Haftungsverpflichtung ausschlie\u00dflich in dem Fall in Kraft treten, in dem die Praxis MUDr. Viera Donovalova von den Inhalten Kenntnis hat und es ihr technisch m\u00f6glich und zumutbar w\u00e4re, die Nutzung im Falle rechtswidriger Inhalte zu verhindern. Die Praxis MUDr. Viera Donovalova erkl\u00e4rt hiermit ausdr\u00fccklich, dass zum Zeitpunkt der Linksetzung keine illegalen Inhalte auf den zu verlinkenden Seiten erkennbar waren. Auf die aktuelle und zuk\u00fcnftige Gestaltung, die Inhalte oder die Urheberschaft der gelinkten\/verkn\u00fcpften Seiten hat die Praxis MUDr. Viera Donovalova keinerlei Einfluss. Deshalb distanziert sie sich hiermit ausdr\u00fccklich von allen Inhalten aller gelinkten\/verkn\u00fcpften Seiten, die nach der Linksetzung ver\u00e4ndert wurden. Diese Feststellung gilt f\u00fcr alle innerhalb des eigenen Internetangebotes gesetzten Links und Verweise. F\u00fcr illegale, fehlerhafte oder unvollst\u00e4ndige Inhalte und insbesondere f\u00fcr Sch\u00e4den, die aus der Nutzung oder Nichtnutzung solcherart dargebotener Informationen entstehen, haftet allein der Anbieter der Seite, auf welche verwiesen wurde, nicht derjenige, der \u00fcber Links auf die jeweilige Ver\u00f6ffentlichung lediglich verweist.<\/p><p><strong>Urheber- und Kennzeichenrecht<\/strong><br \/>Das Copyright f\u00fcr ver\u00f6ffentlichte, von der Praxis MUDr. Viera Donovalova selbst erstellte Objekte bleibt allein bei ihr. Eine Vervielf\u00e4ltigung oder Verwendung solcher Grafiken, Tondokumente, Videosequenzen und Texte in anderen elektronischen oder gedruckten Publikationen ist ohne ausdr\u00fcckliche Zustimmung der Praxis MUDr. Viera Donovalova nicht gestattet.<\/p><p><strong>Angaben zum Datenschutz (Hinweis gem\u00e4\u00df \u00a7 13 Abs. 1 Telemediengesetz)<\/strong><br \/>Sofern innerhalb des Internetangebotes die M\u00f6glichkeit zur Eingabe pers\u00f6nlicher oder gesch\u00e4ftlicher Daten (E-Mail-Adressen, Namen, Anschriften) besteht, so erfolgt die Preisgabe dieser Daten seitens des Nutzers auf ausdr\u00fccklich freiwilliger Basis. Die Inanspruchnahme aller angebotenen Dienste ist \u2013 soweit technisch m\u00f6glich und zumutbar \u2013 auch ohne Angabe solcher Daten bzw. unter Angabe anonymisierter Daten oder eines Pseudonyms gestattet. Die Nutzung der im Rahmen des Impressums oder vergleichbarer Angaben ver\u00f6ffentlichten Kontaktdaten wie Postanschriften, Telefon- und Faxnummern sowie Emailadressen durch Dritte zur \u00dcbersendung von nicht ausdr\u00fccklich angeforderten Informationen ist nicht gestattet. Rechtliche Schritte gegen die Versender von sogenannten Spam-Mails bei Verst\u00f6\u00dfen gegen dieses Verbot sind ausdr\u00fccklich vorbehalten.<\/p><p><strong>Rechtswirksamkeit dieses Haftungsausschlusses<\/strong><br \/>Sofern Teile oder einzelne Formulierungen dieses Textes der geltenden Rechtslage nicht, nicht mehr oder nicht vollst\u00e4ndig entsprechen sollten, bleiben die \u00fcbrigen Teile des Dokumentes in ihrem Inhalt und ihrer G\u00fcltigkeit davon unber\u00fchrt.<\/p><p>\u00a0<\/p>\t\t\t\t\t\t\t\t<\/div>\n\t\t\t\t<\/div>\n\t\t\t\t\t<\/div>\n\t\t<\/div>\n\t\t\t\t\t<\/div>\n\t\t<\/section>\n\t\t\t\t<\/div>\n\t\t","protected":false},"excerpt":{"rendered":"<p>Impressum Verantwortlich\u00a0f\u00fcr die Inhalte dieser Webseiten (gem\u00e4\u00df \u00a7 10 Abs. 3 MDStV) MUDr. Viera DonovalovaFrederic-Joliot-Curie-Stra\u00dfe 3902977 Hoyerswerda (Deutschland)Telefon (0 35 71) 40 64 49 Gesetzliche BerufsbezeichnungArzt (MUDr. \u2013 medicinae universae doctor \u2013 Doktor der Medizin)Berufsrechtliche Regelungen: Berufsordnung f\u00fcr \u00c4rzteApprobation verliehen in\u00a0Prag, Tschechien Zust\u00e4ndige \u00c4rztekammerLandes\u00e4rztekammer SachsenSch\u00fctzenh\u00f6he 1601099 Dresden(03 51) 82 67 &#8211; 0www.slaek.de Kassen\u00e4rztliche VereinigungKassen\u00e4rztlichen Vereinigung [&hellip;]<\/p>\n","protected":false},"author":1,"featured_media":0,"parent":0,"menu_order":0,"comment_status":"closed","ping_status":"closed","template":"elementor_header_footer","meta":{"footnotes":""},"class_list":["post-2835","page","type-page","status-publish","hentry"],"_links":{"self":[{"href":"https:\/\/dr-donovalova.de\/altstadtpraxis\/wp-json\/wp\/v2\/pages\/2835","targetHints":{"allow":["GET"]}}],"collection":[{"href":"https:\/\/dr-donovalova.de\/altstadtpraxis\/wp-json\/wp\/v2\/pages"}],"about":[{"href":"https:\/\/dr-donovalova.de\/altstadtpraxis\/wp-json\/wp\/v2\/types\/page"}],"author":[{"embeddable":true,"href":"https:\/\/dr-donovalova.de\/altstadtpraxis\/wp-json\/wp\/v2\/users\/1"}],"replies":[{"embeddable":true,"href":"https:\/\/dr-donovalova.de\/altstadtpraxis\/wp-json\/wp\/v2\/comments?post=2835"}],"version-history":[{"count":41,"href":"https:\/\/dr-donovalova.de\/altstadtpraxis\/wp-json\/wp\/v2\/pages\/2835\/revisions"}],"predecessor-version":[{"id":3848,"href":"https:\/\/dr-donovalova.de\/altstadtpraxis\/wp-json\/wp\/v2\/pages\/2835\/revisions\/3848"}],"wp:attachment":[{"href":"https:\/\/dr-donovalova.de\/altstadtpraxis\/wp-json\/wp\/v2\/media?parent=2835"}],"curies":[{"name":"wp","href":"https:\/\/api.w.org\/{rel}","templated":true}]}}